{"id":41,"date":"2016-05-16T09:16:39","date_gmt":"2016-05-16T09:16:39","guid":{"rendered":"http:\/\/www.santaelvira.cl\/sitio\/?page_id=41"},"modified":"2025-09-15T14:36:45","modified_gmt":"2025-09-15T19:36:45","slug":"sobre-nosotros","status":"publish","type":"page","link":"https:\/\/www.santaelvira.cl\/sitio\/sobre-nosotros\/","title":{"rendered":"SOBRE NOSOTROS"},"content":{"rendered":"<p>[vc_row content_placement=&#8221;top&#8221; css=&#8221;.vc_custom_1527546497092{background-position: 0 0 !important;background-repeat: repeat !important;}&#8221;][vc_column]<div class=\"jstime timeline_preloader\" style=\"opacity:0;width:35px;margin:auto;margin-top:30px;\"><img decoding=\"async\" style=\"box-shadow:none;\" alt=\"timeline_pre_loader\" src=\"https:\/\/www.santaelvira.cl\/sitio\/wp-content\/plugins\/Ultimate_VC_Addons\/modules\/..\/assets\/img\/timeline_pre-loader.gif\" \/><\/div><div class=\"smile-icon-timeline-wrap jstime   tl-animation-slide-out\"     style=\"opacity:0; \"><div class=\"timeline-line \" style=\"border-right-color:;\"><z><\/z><\/div><div class=\"timeline-wrapper\"><div class=\"timeline-block \"><div class=\"timeline-dot\"><\/div><div class=\"ult-timeline-arrow\"><s><\/s><l><\/l><\/div><div class=\"timeline-icon-block\"><div class=\"ult-timeline-icon \" style=\"   \"><div class=\"ult-just-icon-wrapper  \"><div class=\"align-icon\" style=\"text-align:center;\">\n<div class=\"aio-icon circle \" data-animation=\"swing\" data-animation-delay=\"03\" style=\"color:#ffffff;background:#a80000;font-size:32px;display:inline-block;\">\n\t<i class=\"Defaults-lightbulb-o\"><\/i>\n<\/div><\/div><\/div><\/div> <!-- icon --><\/div><div class=\"timeline-header-block\" >\n\t\t\t\t\t\t\t<div id=\"timeline-item-7388\" class=\"timeline-header\" style=\"\"><h3 class=\"ult-timeline-title ult-responsive\"  data-ultimate-target='#timeline-item-7388 .ult-timeline-title'  data-responsive-json-new='{\"font-size\":\"\",\"line-height\":\"\"}'  style=\"\">1953 - NUESTROS INICIOS<\/h3><div class=\"ult-responsive timeline-item-spt\"  data-ultimate-target='#timeline-item-7388 .timeline-item-spt'  data-responsive-json-new='{\"font-size\":\"\",\"line-height\":\"\"}'  style=\"\"><\/p>\n<p style=\"text-align: justify;\">En Coquimbo, Chile, Do\u00f1a Norma Romero junto a su marido, Don Emilio Silva, inician un visionario proyecto av\u00edcola con 250 gallinas ponedoras. Con muchas ganas de emprender y trabajar, comienzan vendiendo huevos de color a p\u00fablico en su peque\u00f1o local y tambi\u00e9n puerta a puerta. Santa Elvira comienza a empacar huevos desde hace m\u00e1s de 65 a\u00f1os atr\u00e1s.<\/p>\n<p><\/div><\/div> <!-- header --><\/div><\/div><div class=\"timeline-block \"><div class=\"timeline-dot\"><\/div><div class=\"ult-timeline-arrow\"><s><\/s><l><\/l><\/div><div class=\"timeline-icon-block\"><div class=\"ult-timeline-icon \" style=\"   \"><div class=\"ult-just-icon-wrapper  \"><div class=\"align-icon\" style=\"text-align:center;\">\n<div class=\"aio-icon circle \" data-animation=\"swing\" data-animation-delay=\"03\" style=\"color:#ffffff;background:#a80000;font-size:32px;display:inline-block;\">\n\t<i class=\"Defaults-pagelines\"><\/i>\n<\/div><\/div><\/div><\/div> <!-- icon --><\/div><div class=\"timeline-header-block\" >\n\t\t\t\t\t\t\t<div id=\"timeline-item-3830\" class=\"timeline-header\" style=\"\"><h3 class=\"ult-timeline-title ult-responsive\"  data-ultimate-target='#timeline-item-3830 .ult-timeline-title'  data-responsive-json-new='{\"font-size\":\"\",\"line-height\":\"\"}'  style=\"\">1960 - LOS PRIMEROS A\u00d1OS<\/h3><div class=\"ult-responsive timeline-item-spt\"  data-ultimate-target='#timeline-item-3830 .timeline-item-spt'  data-responsive-json-new='{\"font-size\":\"\",\"line-height\":\"\"}'  style=\"\"><\/p>\n<p style=\"text-align: justify;\">En tan s\u00f3lo 7 a\u00f1os, el criadero de la familia Silva Romero crece a 10.000 pollitas, comenzando a posicionarse y a estar presente en los hogares de las familias de Coquimbo y La Serena.<\/p>\n<p><\/div><\/div> <!-- header --><\/div><\/div><div class=\"timeline-block \"><div class=\"timeline-dot\"><\/div><div class=\"ult-timeline-arrow\"><s><\/s><l><\/l><\/div><div class=\"timeline-icon-block\"><div class=\"ult-timeline-icon \" style=\"   \"><div class=\"ult-just-icon-wrapper  \"><div class=\"align-icon\" style=\"text-align:center;\">\n<div class=\"aio-icon circle \" data-animation=\"swing\" data-animation-delay=\"03\" style=\"color:#ffffff;background:#a80000;font-size:32px;display:inline-block;\">\n\t<i class=\"Defaults-star-o\"><\/i>\n<\/div><\/div><\/div><\/div> <!-- icon --><\/div><div class=\"timeline-header-block\" >\n\t\t\t\t\t\t\t<div id=\"timeline-item-3544\" class=\"timeline-header\" style=\"\"><h3 class=\"ult-timeline-title ult-responsive\"  data-ultimate-target='#timeline-item-3544 .ult-timeline-title'  data-responsive-json-new='{\"font-size\":\"\",\"line-height\":\"\"}'  style=\"\">1969 - ABRIENDO EL MERCADO<\/h3><div class=\"ult-responsive timeline-item-spt\"  data-ultimate-target='#timeline-item-3544 .timeline-item-spt'  data-responsive-json-new='{\"font-size\":\"\",\"line-height\":\"\"}'  style=\"\"><\/p>\n<p style=\"text-align: justify;\">Como fruto de mucho trabajo y esfuerzo, el criadero se traslada a la localidad de Punta Teatinos, norte de La Serena, con 30.000 gallinas ponedoras abarcando mercado de la III y IV Regi\u00f3n.<\/p>\n<p><\/div><\/div> <!-- header --><\/div><\/div><div class=\"timeline-block \"><div class=\"timeline-dot\"><\/div><div class=\"ult-timeline-arrow\"><s><\/s><l><\/l><\/div><div class=\"timeline-icon-block\"><div class=\"ult-timeline-icon \" style=\"   \"><div class=\"ult-just-icon-wrapper  \"><div class=\"align-icon\" style=\"text-align:center;\">\n<div class=\"aio-icon circle \" data-animation=\"swing\" data-animation-delay=\"03\" style=\"color:#ffffff;background:#a80000;font-size:32px;display:inline-block;\">\n\t<i class=\"Defaults-truck\"><\/i>\n<\/div><\/div><\/div><\/div> <!-- icon --><\/div><div class=\"timeline-header-block\" >\n\t\t\t\t\t\t\t<div id=\"timeline-item-2508\" class=\"timeline-header\" style=\"\"><h3 class=\"ult-timeline-title ult-responsive\"  data-ultimate-target='#timeline-item-2508 .ult-timeline-title'  data-responsive-json-new='{\"font-size\":\"\",\"line-height\":\"\"}'  style=\"\">1996 - POSICIONAMIENTO<\/h3><div class=\"ult-responsive timeline-item-spt\"  data-ultimate-target='#timeline-item-2508 .timeline-item-spt'  data-responsive-json-new='{\"font-size\":\"\",\"line-height\":\"\"}'  style=\"\"><\/p>\n<p style=\"text-align: justify;\">Con 200.000 pollitas, la empresa familiar logra un gran crecimiento e invierte en la automatizaci\u00f3n de la planta a trav\u00e9s de tecnolog\u00eda de \u00faltima generaci\u00f3n. Ya no s\u00f3lo estaban presentes en la III y IV regi\u00f3n, si no que Santa Elvira pasa a ser l\u00edder desde la I a IV regi\u00f3n (Arica a Illapel).<\/p>\n<p><\/div><\/div> <!-- header --><\/div><\/div><div class=\"timeline-block \"><div class=\"timeline-dot\"><\/div><div class=\"ult-timeline-arrow\"><s><\/s><l><\/l><\/div><div class=\"timeline-icon-block\"><div class=\"ult-timeline-icon \" style=\"   \"><div class=\"ult-just-icon-wrapper  \"><div class=\"align-icon\" style=\"text-align:center;\">\n<div class=\"aio-icon circle \" data-animation=\"swing\" data-animation-delay=\"03\" style=\"color:#ffffff;background:#a80000;font-size:32px;display:inline-block;\">\n\t<i class=\"Defaults-trophy\"><\/i>\n<\/div><\/div><\/div><\/div> <!-- icon --><\/div><div class=\"timeline-header-block\" >\n\t\t\t\t\t\t\t<div id=\"timeline-item-1385\" class=\"timeline-header\" style=\"\"><h3 class=\"ult-timeline-title ult-responsive\"  data-ultimate-target='#timeline-item-1385 .ult-timeline-title'  data-responsive-json-new='{\"font-size\":\"\",\"line-height\":\"\"}'  style=\"\">2018 - ACTUALIDAD<\/h3><div class=\"ult-responsive timeline-item-spt\"  data-ultimate-target='#timeline-item-1385 .timeline-item-spt'  data-responsive-json-new='{\"font-size\":\"\",\"line-height\":\"\"}'  style=\"\"><\/p>\n<p style=\"text-align: justify;\">Luego de 3 generaciones de trayectoria, hoy en d\u00eda contamos con m\u00e1s de 850.000 pollitas, enfoc\u00e1ndonos en brindar un producto de primera calidad para seguir estando presente en las mesas de las familias del norte de nuestro pa\u00eds.<\/p>\n<p><\/div><\/div> <!-- header --><\/div><\/div><\/div><\/div>[\/vc_column][\/vc_row][vc_row full_width=&#8221;stretch_row_content&#8221; equal_height=&#8221;yes&#8221; content_placement=&#8221;middle&#8221; background_position=&#8221;center center&#8221; css=&#8221;.vc_custom_1527548305174{background-image: url(https:\/\/www.santaelvira.cl\/sitio\/wp-content\/uploads\/2018\/05\/1111-01.jpg?id=2036) !important;}&#8221;][vc_column width=&#8221;1\/2&#8243; css=&#8221;.vc_custom_1527549127962{padding-right: 80px !important;padding-bottom: 50px !important;padding-left: 80px !important;}&#8221;][vc_column_text]<\/p>\n<h4 style=\"text-align: center;\"><span style=\"color: #a80000;\">Nuestra Misi\u00f3n<\/span><\/h4>\n<hr \/>\n<p style=\"text-align: center;\">Somos una empresa productora de huevos orientada a brindar un producto de excelencia y de alto valor nutricional, a trav\u00e9s de un servicio de distribuci\u00f3n oportuno y confiable. Utilizar materias primas de primer nivel, innovar constantemente en tecnolog\u00eda y contar con un equipo seleccionado son la base para satisfacer las necesidades de nuestros clientes y seguir estando presente en la mesa de las familias chilenas.<\/p>\n<p>[\/vc_column_text][vc_empty_space height=&#8221;20px&#8221;][vc_column_text]<\/p>\n<h4 style=\"text-align: center;\"><span style=\"color: #a80000;\">Nuestra Visi\u00f3n<\/span><\/h4>\n<hr \/>\n<p style=\"text-align: center;\">Nuestros esfuerzos se orientan en estar siempre a la vanguardia de la industria av\u00edcola, teniendo como objetivo cumplir las exigencias de un consumidor cada d\u00eda m\u00e1s informado y consciente de la vida saludable<\/p>\n<p>[\/vc_column_text][vc_empty_space height=&#8221;20px&#8221;][vc_column_text]<\/p>\n<h4 style=\"text-align: center;\"><span style=\"color: #a80000;\">Pol\u00edticas de Calidad<\/span><\/h4>\n<hr \/>\n<p style=\"text-align: center;\">En Emilio Silva e Hijos, los Derechos Humanos se han convertido en un elemento primordial que refleja los valores de la empresa, para esto establecemos las metodolog\u00edas que exige responsabilidad y demuestra el compromiso que se tiene para con ellos.<\/p>\n<p style=\"text-align: center;\">Nos comprometemos a mantener, revisar y mejorar constantemente nuestros procesos, adem\u00e1s de capacitar diariamente a nuestro equipo, para brindar un producto \u00a1Con la calidad de siempre!<\/p>\n<p>[\/vc_column_text][vc_empty_space height=&#8221;20px&#8221;][\/vc_column][vc_column width=&#8221;1\/2&#8243; offset=&#8221;vc_col-xs-8&#8243; css=&#8221;.vc_custom_1527548089377{background-image: url(https:\/\/www.santaelvira.cl\/sitio\/wp-content\/uploads\/2018\/05\/222-02.jpg?id=2071) !important;}&#8221;][\/vc_column][\/vc_row][vc_row full_width=&#8221;stretch_row&#8221;][vc_column][vc_empty_space height=&#8221;60px&#8221;][vc_row_inner][vc_column_inner]<div id=\"nitro_custom_css_1538842384\" class=\"pr nitro-heading tc\"><div class=\"heading\"><h2>Certificados y Resoluciones<\/h2><\/div><\/div>[\/vc_column_inner][\/vc_row_inner][vc_empty_space][vc_row_inner][vc_column_inner width=&#8221;1\/2&#8243;][vc_column_text]<\/p>\n<div class=\"flex_column av_four_fifth flex_column_div avia-builder-el-2 el_after_av_one_fifth el_before_av_hr \" style=\"text-align: right;\">\n<section class=\"av_textblock_section\">\n<div class=\"avia_textblock \">\n<p style=\"text-align: center;\">Para nuestra empresa es muy importante cumplir con las resoluciones sanitarias y de calidad que nos hacen cada vez mejor al servicio del consumidor, Santa Elvira cuenta con las siguiente certificaciones:<\/p>\n<p style=\"text-align: center;\"><span style=\"color: #99cc00;\">\u2713<\/span> Integral Santa Elvira<\/p>\n<p style=\"text-align: center;\"><span style=\"color: #99cc00;\">\u2713<\/span> Mejoramiento Tecnol\u00f3gico<\/p>\n<p style=\"text-align: center;\"><span style=\"color: #99cc00;\">\u2713<\/span> Cancha Compostaje de guano<\/p>\n<p style=\"text-align: center;\"><span style=\"color: #99cc00;\">\u2713<\/span> Compostaje de Aves muertas<\/p>\n<\/div>\n<\/section>\n<\/div>\n<p>[\/vc_column_text][\/vc_column_inner][vc_column_inner width=&#8221;1\/2&#8243;][vc_column_text]<\/p>\n<p style=\"text-align: center;\"><strong><span style=\"color: #99cc00;\">\u2713<\/span> NUESTRAS CERTIFICACIONES<\/strong><\/p>\n<p>[\/vc_column_text]<div id=\"nitro_custom_css_809891811\" class=\"nitro-separator  tl dashed pr\" data-align=\"left\"><div class=\"sep sep-icon\"><\/div><span class=\"fa fa-adjust\"><\/span><\/div>[vc_media_grid element_width=&#8221;3&#8243; gap=&#8221;2&#8243; item=&#8221;mediaGrid_BorderedScaleWithTitle&#8221; grid_id=&#8221;vc_gid:1757964567713-d2e0ae68-56a2-9&#8243; include=&#8221;2544,2540&#8243;][\/vc_column_inner][\/vc_row_inner][vc_empty_space][vc_row_inner][vc_column_inner width=&#8221;1\/6&#8243;][\/vc_column_inner][vc_column_inner width=&#8221;1\/6&#8243;][vc_single_image image=&#8221;1095&#8243; img_size=&#8221;full&#8221;][\/vc_column_inner][vc_column_inner width=&#8221;1\/6&#8243;][vc_single_image image=&#8221;1096&#8243; img_size=&#8221;full&#8221;][\/vc_column_inner][vc_column_inner width=&#8221;1\/6&#8243;][vc_single_image image=&#8221;1097&#8243; img_size=&#8221;full&#8221;][\/vc_column_inner][vc_column_inner width=&#8221;1\/6&#8243;][vc_single_image image=&#8221;1098&#8243; img_size=&#8221;full&#8221;][\/vc_column_inner][vc_column_inner width=&#8221;1\/6&#8243;][\/vc_column_inner][\/vc_row_inner][vc_empty_space height=&#8221;50px&#8221;][\/vc_column][\/vc_row][vc_row full_width=&#8221;stretch_row&#8221; content_placement=&#8221;middle&#8221; bg_type=&#8221;image&#8221; lvca_dark_bg=&#8221;true&#8221; css=&#8221;.vc_custom_1524779268922{padding-top: 50px !important;padding-bottom: 20px !important;background-image: url(https:\/\/www.santaelvira.cl\/sitio\/wp-content\/uploads\/2018\/04\/fondo-footer-02.png?id=1486) !important;}&#8221;][vc_column css=&#8221;.vc_custom_1524777020708{padding-top: 50px !important;padding-bottom: 20px !important;}&#8221;][vc_empty_space height=&#8221;20px&#8221;]<div id=\"nitro_custom_css_1196895916\" class=\"pr nitro-heading tc\"><div class=\"heading\"><h2>Encu\u00e9ntranos en:<\/h2><\/div><\/div>[vc_empty_space height=&#8221;20px&#8221;]<div class=\"nitro-carousel-wrap oh\"><div id=\"nitro_custom_css_488986491\" class=\"nitro-carousel pr wr-nitro-carousel \" data-owl-options='{&quot;items&quot;: &quot;7&quot;, &quot;autoplay&quot;: &quot;true&quot;, &quot;nav&quot;: &quot;true&quot;, &quot;desktop&quot;: &quot;4&quot;, &quot;tablet&quot;: &quot;3&quot;, &quot;mobile&quot;: &quot;2&quot;, &quot;sm_mobile&quot;: &quot;1&quot;}'>[vc_single_image image=&#8221;1497&#8243; img_size=&#8221;full&#8221; alignment=&#8221;center&#8221; css=&#8221;.vc_custom_1524759016322{margin-bottom: -50px !important;}&#8221;][vc_single_image image=&#8221;979&#8243; img_size=&#8221;full&#8221;][vc_single_image image=&#8221;1498&#8243; img_size=&#8221;full&#8221;][vc_single_image image=&#8221;982&#8243; img_size=&#8221;full&#8221;][vc_single_image image=&#8221;1496&#8243; img_size=&#8221;full&#8221;][vc_single_image image=&#8221;987&#8243; img_size=&#8221;full&#8221;][vc_single_image image=&#8221;1495&#8243; img_size=&#8221;full&#8221;][vc_single_image image=&#8221;1493&#8243; img_size=&#8221;full&#8221;][vc_single_image image=&#8221;1492&#8243; img_size=&#8221;full&#8221;][vc_single_image image=&#8221;1494&#8243; img_size=&#8221;full&#8221;]<\/div><\/div>[\/vc_column][\/vc_row]<\/p>\n","protected":false},"excerpt":{"rendered":"<p>[vc_row content_placement=&#8221;top&#8221; css=&#8221;.vc_custom_1527546497092{background-position: 0 0 !important;background-repeat: repeat !important;}&#8221;][vc_column][\/vc_column][\/vc_row][vc_row full_width=&#8221;stretch_row_content&#8221; equal_height=&#8221;yes&#8221; content_placement=&#8221;middle&#8221; background_position=&#8221;center center&#8221; css=&#8221;.vc_custom_1527548305174{background-image: url(https:\/\/www.santaelvira.cl\/sitio\/wp-content\/uploads\/2018\/05\/1111-01.jpg?id=2036) !important;}&#8221;][vc_column width=&#8221;1\/2&#8243; css=&#8221;.vc_custom_1527549127962{padding-right: 80px !important;padding-bottom: 50px !important;padding-left: 80px !important;}&#8221;][vc_column_text] Nuestra Misi\u00f3n Somos una empresa productora de huevos orientada a brindar un producto de excelencia y de alto valor nutricional, a trav\u00e9s de un servicio de distribuci\u00f3n oportuno y confiable. Utilizar [&hellip;]<\/p>\n","protected":false},"author":1,"featured_media":0,"parent":0,"menu_order":9,"comment_status":"closed","ping_status":"closed","template":"","meta":{"_monsterinsights_skip_tracking":false,"_monsterinsights_sitenote_active":false,"_monsterinsights_sitenote_note":"","_monsterinsights_sitenote_category":0,"footnotes":""},"class_list":["post-41","page","type-page","status-publish","hentry"],"yoast_head":"<!-- This site is optimized with the Yoast SEO plugin v26.5 - https:\/\/yoast.com\/wordpress\/plugins\/seo\/ -->\n<title>SOBRE NOSOTROS - Av\u00edcola Santa Elvira<\/title>\n<meta name=\"robots\" content=\"index, follow, max-snippet:-1, max-image-preview:large, max-video-preview:-1\" \/>\n<link rel=\"canonical\" href=\"https:\/\/www.santaelvira.cl\/sitio\/sobre-nosotros\/\" \/>\n<meta property=\"og:locale\" content=\"es_ES\" \/>\n<meta property=\"og:type\" content=\"article\" \/>\n<meta property=\"og:title\" content=\"SOBRE NOSOTROS - Av\u00edcola Santa Elvira\" \/>\n<meta property=\"og:description\" content=\"[vc_row content_placement=&#8221;top&#8221; css=&#8221;.vc_custom_1527546497092{background-position: 0 0 !important;background-repeat: repeat !important;}&#8221;][vc_column][\/vc_column][\/vc_row][vc_row full_width=&#8221;stretch_row_content&#8221; equal_height=&#8221;yes&#8221; content_placement=&#8221;middle&#8221; background_position=&#8221;center center&#8221; css=&#8221;.vc_custom_1527548305174{background-image: url(https:\/\/www.santaelvira.cl\/sitio\/wp-content\/uploads\/2018\/05\/1111-01.jpg?id=2036) !important;}&#8221;][vc_column width=&#8221;1\/2&#8243; css=&#8221;.vc_custom_1527549127962{padding-right: 80px !important;padding-bottom: 50px !important;padding-left: 80px !important;}&#8221;][vc_column_text] Nuestra Misi\u00f3n Somos una empresa productora de huevos orientada a brindar un producto de excelencia y de alto valor nutricional, a trav\u00e9s de un servicio de distribuci\u00f3n oportuno y confiable. Utilizar [&hellip;]\" \/>\n<meta property=\"og:url\" content=\"https:\/\/www.santaelvira.cl\/sitio\/sobre-nosotros\/\" \/>\n<meta property=\"og:site_name\" content=\"Av\u00edcola Santa Elvira\" \/>\n<meta property=\"article:modified_time\" content=\"2025-09-15T19:36:45+00:00\" \/>\n<meta name=\"twitter:card\" content=\"summary_large_image\" \/>\n<meta name=\"twitter:label1\" content=\"Tiempo de lectura\" \/>\n\t<meta name=\"twitter:data1\" content=\"3 minutos\" \/>\n<script type=\"application\/ld+json\" class=\"yoast-schema-graph\">{\"@context\":\"https:\/\/schema.org\",\"@graph\":[{\"@type\":\"WebPage\",\"@id\":\"https:\/\/www.santaelvira.cl\/sitio\/sobre-nosotros\/\",\"url\":\"https:\/\/www.santaelvira.cl\/sitio\/sobre-nosotros\/\",\"name\":\"SOBRE NOSOTROS - Av\u00edcola Santa Elvira\",\"isPartOf\":{\"@id\":\"https:\/\/www.santaelvira.cl\/sitio\/#website\"},\"datePublished\":\"2016-05-16T09:16:39+00:00\",\"dateModified\":\"2025-09-15T19:36:45+00:00\",\"breadcrumb\":{\"@id\":\"https:\/\/www.santaelvira.cl\/sitio\/sobre-nosotros\/#breadcrumb\"},\"inLanguage\":\"es\",\"potentialAction\":[{\"@type\":\"ReadAction\",\"target\":[\"https:\/\/www.santaelvira.cl\/sitio\/sobre-nosotros\/\"]}]},{\"@type\":\"BreadcrumbList\",\"@id\":\"https:\/\/www.santaelvira.cl\/sitio\/sobre-nosotros\/#breadcrumb\",\"itemListElement\":[{\"@type\":\"ListItem\",\"position\":1,\"name\":\"Portada\",\"item\":\"https:\/\/www.santaelvira.cl\/sitio\/\"},{\"@type\":\"ListItem\",\"position\":2,\"name\":\"SOBRE NOSOTROS\"}]},{\"@type\":\"WebSite\",\"@id\":\"https:\/\/www.santaelvira.cl\/sitio\/#website\",\"url\":\"https:\/\/www.santaelvira.cl\/sitio\/\",\"name\":\"Av\u00edcola Santa Elvira\",\"description\":\"Con la Calidad de Siempre\",\"publisher\":{\"@id\":\"https:\/\/www.santaelvira.cl\/sitio\/#organization\"},\"potentialAction\":[{\"@type\":\"SearchAction\",\"target\":{\"@type\":\"EntryPoint\",\"urlTemplate\":\"https:\/\/www.santaelvira.cl\/sitio\/?s={search_term_string}\"},\"query-input\":{\"@type\":\"PropertyValueSpecification\",\"valueRequired\":true,\"valueName\":\"search_term_string\"}}],\"inLanguage\":\"es\"},{\"@type\":\"Organization\",\"@id\":\"https:\/\/www.santaelvira.cl\/sitio\/#organization\",\"name\":\"Av\u00edcola Santa Elvira\",\"url\":\"https:\/\/www.santaelvira.cl\/sitio\/\",\"logo\":{\"@type\":\"ImageObject\",\"inLanguage\":\"es\",\"@id\":\"https:\/\/www.santaelvira.cl\/sitio\/#\/schema\/logo\/image\/\",\"url\":\"https:\/\/www.santaelvira.cl\/sitio\/wp-content\/uploads\/2018\/03\/nuevo-logo-santa-elvira-editable.png\",\"contentUrl\":\"https:\/\/www.santaelvira.cl\/sitio\/wp-content\/uploads\/2018\/03\/nuevo-logo-santa-elvira-editable.png\",\"width\":352,\"height\":200,\"caption\":\"Av\u00edcola Santa Elvira\"},\"image\":{\"@id\":\"https:\/\/www.santaelvira.cl\/sitio\/#\/schema\/logo\/image\/\"}}]}<\/script>\n<!-- \/ Yoast SEO plugin. -->","yoast_head_json":{"title":"SOBRE NOSOTROS - Av\u00edcola Santa Elvira","robots":{"index":"index","follow":"follow","max-snippet":"max-snippet:-1","max-image-preview":"max-image-preview:large","max-video-preview":"max-video-preview:-1"},"canonical":"https:\/\/www.santaelvira.cl\/sitio\/sobre-nosotros\/","og_locale":"es_ES","og_type":"article","og_title":"SOBRE NOSOTROS - Av\u00edcola Santa Elvira","og_description":"[vc_row content_placement=&#8221;top&#8221; css=&#8221;.vc_custom_1527546497092{background-position: 0 0 !important;background-repeat: repeat !important;}&#8221;][vc_column][\/vc_column][\/vc_row][vc_row full_width=&#8221;stretch_row_content&#8221; equal_height=&#8221;yes&#8221; content_placement=&#8221;middle&#8221; background_position=&#8221;center center&#8221; css=&#8221;.vc_custom_1527548305174{background-image: url(https:\/\/www.santaelvira.cl\/sitio\/wp-content\/uploads\/2018\/05\/1111-01.jpg?id=2036) !important;}&#8221;][vc_column width=&#8221;1\/2&#8243; css=&#8221;.vc_custom_1527549127962{padding-right: 80px !important;padding-bottom: 50px !important;padding-left: 80px !important;}&#8221;][vc_column_text] Nuestra Misi\u00f3n Somos una empresa productora de huevos orientada a brindar un producto de excelencia y de alto valor nutricional, a trav\u00e9s de un servicio de distribuci\u00f3n oportuno y confiable. Utilizar [&hellip;]","og_url":"https:\/\/www.santaelvira.cl\/sitio\/sobre-nosotros\/","og_site_name":"Av\u00edcola Santa Elvira","article_modified_time":"2025-09-15T19:36:45+00:00","twitter_card":"summary_large_image","twitter_misc":{"Tiempo de lectura":"3 minutos"},"schema":{"@context":"https:\/\/schema.org","@graph":[{"@type":"WebPage","@id":"https:\/\/www.santaelvira.cl\/sitio\/sobre-nosotros\/","url":"https:\/\/www.santaelvira.cl\/sitio\/sobre-nosotros\/","name":"SOBRE NOSOTROS - Av\u00edcola Santa Elvira","isPartOf":{"@id":"https:\/\/www.santaelvira.cl\/sitio\/#website"},"datePublished":"2016-05-16T09:16:39+00:00","dateModified":"2025-09-15T19:36:45+00:00","breadcrumb":{"@id":"https:\/\/www.santaelvira.cl\/sitio\/sobre-nosotros\/#breadcrumb"},"inLanguage":"es","potentialAction":[{"@type":"ReadAction","target":["https:\/\/www.santaelvira.cl\/sitio\/sobre-nosotros\/"]}]},{"@type":"BreadcrumbList","@id":"https:\/\/www.santaelvira.cl\/sitio\/sobre-nosotros\/#breadcrumb","itemListElement":[{"@type":"ListItem","position":1,"name":"Portada","item":"https:\/\/www.santaelvira.cl\/sitio\/"},{"@type":"ListItem","position":2,"name":"SOBRE NOSOTROS"}]},{"@type":"WebSite","@id":"https:\/\/www.santaelvira.cl\/sitio\/#website","url":"https:\/\/www.santaelvira.cl\/sitio\/","name":"Av\u00edcola Santa Elvira","description":"Con la Calidad de Siempre","publisher":{"@id":"https:\/\/www.santaelvira.cl\/sitio\/#organization"},"potentialAction":[{"@type":"SearchAction","target":{"@type":"EntryPoint","urlTemplate":"https:\/\/www.santaelvira.cl\/sitio\/?s={search_term_string}"},"query-input":{"@type":"PropertyValueSpecification","valueRequired":true,"valueName":"search_term_string"}}],"inLanguage":"es"},{"@type":"Organization","@id":"https:\/\/www.santaelvira.cl\/sitio\/#organization","name":"Av\u00edcola Santa Elvira","url":"https:\/\/www.santaelvira.cl\/sitio\/","logo":{"@type":"ImageObject","inLanguage":"es","@id":"https:\/\/www.santaelvira.cl\/sitio\/#\/schema\/logo\/image\/","url":"https:\/\/www.santaelvira.cl\/sitio\/wp-content\/uploads\/2018\/03\/nuevo-logo-santa-elvira-editable.png","contentUrl":"https:\/\/www.santaelvira.cl\/sitio\/wp-content\/uploads\/2018\/03\/nuevo-logo-santa-elvira-editable.png","width":352,"height":200,"caption":"Av\u00edcola Santa Elvira"},"image":{"@id":"https:\/\/www.santaelvira.cl\/sitio\/#\/schema\/logo\/image\/"}}]}},"_links":{"self":[{"href":"https:\/\/www.santaelvira.cl\/sitio\/wp-json\/wp\/v2\/pages\/41","targetHints":{"allow":["GET"]}}],"collection":[{"href":"https:\/\/www.santaelvira.cl\/sitio\/wp-json\/wp\/v2\/pages"}],"about":[{"href":"https:\/\/www.santaelvira.cl\/sitio\/wp-json\/wp\/v2\/types\/page"}],"author":[{"embeddable":true,"href":"https:\/\/www.santaelvira.cl\/sitio\/wp-json\/wp\/v2\/users\/1"}],"replies":[{"embeddable":true,"href":"https:\/\/www.santaelvira.cl\/sitio\/wp-json\/wp\/v2\/comments?post=41"}],"version-history":[{"count":179,"href":"https:\/\/www.santaelvira.cl\/sitio\/wp-json\/wp\/v2\/pages\/41\/revisions"}],"predecessor-version":[{"id":2548,"href":"https:\/\/www.santaelvira.cl\/sitio\/wp-json\/wp\/v2\/pages\/41\/revisions\/2548"}],"wp:attachment":[{"href":"https:\/\/www.santaelvira.cl\/sitio\/wp-json\/wp\/v2\/media?parent=41"}],"curies":[{"name":"wp","href":"https:\/\/api.w.org\/{rel}","templated":true}]}}