{"id":45,"date":"2016-05-16T09:17:19","date_gmt":"2016-05-16T09:17:19","guid":{"rendered":"http:\/\/www.santaelvira.cl\/sitio\/?page_id=45"},"modified":"2020-11-30T09:38:27","modified_gmt":"2020-11-30T14:38:27","slug":"avicola-santa-elvira-lideres-en-la-produccion-y-distribucion-de-huevos","status":"publish","type":"page","link":"https:\/\/www.santaelvira.cl\/sitio\/","title":{"rendered":""},"content":{"rendered":"<p>[vc_row full_width=&#8221;stretch_row&#8221; equal_height=&#8221;yes&#8221; css=&#8221;.vc_custom_1524752697549{background-position: 0 0 !important;background-repeat: repeat !important;}&#8221;][vc_column][rev_slider_vc alias=&#8221;main-slider&#8221;][vc_empty_space height=&#8221;50px&#8221;]<div id=\"nitro_custom_css_1153309348\" class=\"pr nitro-heading tc\"><div class=\"sub\"><span>Av\u00edcola Santa Elvira<\/span><\/div><div class=\"heading\"><h2>Con la Calidad de Siempre<\/h2><\/div><\/div>[vc_row_inner css=&#8221;.vc_custom_1524858528509{padding-top: 20px !important;}&#8221;][vc_column_inner width=&#8221;1\/4&#8243;][vc_custom_heading text=&#8221;Un huevo al d\u00eda te hace bien&#8221; font_container=&#8221;tag:h5|text_align:center|color:%23a80000&#8243; google_fonts=&#8221;font_family:Merriweather%3A300%2C300italic%2Cregular%2Citalic%2C700%2C700italic%2C900%2C900italic|font_style:700%20bold%20regular%3A700%3Anormal&#8221;][vc_single_image image=&#8221;1153&#8243; img_size=&#8221;medium&#8221; alignment=&#8221;center&#8221; style=&#8221;vc_box_outline_circle_2&#8243; border_color=&#8221;orange&#8221; onclick=&#8221;custom_link&#8221; link=&#8221;https:\/\/www.santaelvira.cl\/sitio\/el-huevo\/&#8221;][\/vc_column_inner][vc_column_inner width=&#8221;1\/4&#8243;][vc_custom_heading text=&#8221;Gallina feliz, Huevo feliz&#8221; font_container=&#8221;tag:h5|text_align:center|color:%23a80000&#8243; google_fonts=&#8221;font_family:Merriweather%3A300%2C300italic%2Cregular%2Citalic%2C700%2C700italic%2C900%2C900italic|font_style:700%20bold%20regular%3A700%3Anormal&#8221;][vc_single_image image=&#8221;1229&#8243; img_size=&#8221;medium&#8221; alignment=&#8221;center&#8221; style=&#8221;vc_box_outline_circle_2&#8243; border_color=&#8221;orange&#8221; onclick=&#8221;custom_link&#8221; link=&#8221;https:\/\/www.santaelvira.cl\/sitio\/gallina-libre\/&#8221;][\/vc_column_inner][vc_column_inner width=&#8221;1\/4&#8243;][vc_custom_heading text=&#8221;D\u00f3nde encontrarnos&#8221; font_container=&#8221;tag:h5|text_align:center|color:%23a80000&#8243; google_fonts=&#8221;font_family:Merriweather%3A300%2C300italic%2Cregular%2Citalic%2C700%2C700italic%2C900%2C900italic|font_style:700%20bold%20regular%3A700%3Anormal&#8221;][vc_single_image image=&#8221;1081&#8243; img_size=&#8221;medium&#8221; alignment=&#8221;center&#8221; style=&#8221;vc_box_outline_circle_2&#8243; border_color=&#8221;orange&#8221; onclick=&#8221;custom_link&#8221; link=&#8221;https:\/\/www.santaelvira.cl\/sitio\/contacto\/&#8221;][\/vc_column_inner][\/vc_row_inner][vc_empty_space height=&#8221;50px&#8221;][\/vc_column][\/vc_row][vc_row full_width=&#8221;stretch_row&#8221; content_placement=&#8221;middle&#8221; bg_type=&#8221;image&#8221; lvca_dark_bg=&#8221;true&#8221; css=&#8221;.vc_custom_1524777031236{padding-top: 50px !important;padding-bottom: 20px !important;background-image: url(https:\/\/www.santaelvira.cl\/sitio\/wp-content\/uploads\/2018\/04\/fondo-footer-02.png?id=1486) !important;}&#8221;][vc_column css=&#8221;.vc_custom_1524777020708{padding-top: 50px !important;padding-bottom: 20px !important;}&#8221;][vc_empty_space height=&#8221;20px&#8221;]<div id=\"nitro_custom_css_973511990\" class=\"pr nitro-heading tc\"><div class=\"heading\"><h2>Encu\u00e9ntranos en:<\/h2><\/div><div class=\"sep line top\"><\/div><\/div>[vc_empty_space height=&#8221;20px&#8221;]<div class=\"nitro-carousel-wrap oh\"><div id=\"nitro_custom_css_327689117\" class=\"nitro-carousel pr wr-nitro-carousel \" data-owl-options='{&quot;items&quot;: &quot;7&quot;, &quot;autoplay&quot;: &quot;true&quot;, &quot;nav&quot;: &quot;true&quot;, &quot;desktop&quot;: &quot;4&quot;, &quot;tablet&quot;: &quot;3&quot;, &quot;mobile&quot;: &quot;2&quot;, &quot;sm_mobile&quot;: &quot;1&quot;}'>[vc_single_image image=&#8221;1497&#8243; img_size=&#8221;full&#8221; alignment=&#8221;center&#8221; css=&#8221;.vc_custom_1524759016322{margin-bottom: -50px !important;}&#8221;][vc_single_image image=&#8221;979&#8243; img_size=&#8221;full&#8221;][vc_single_image image=&#8221;1498&#8243; img_size=&#8221;full&#8221;][vc_single_image image=&#8221;982&#8243; img_size=&#8221;full&#8221;][vc_single_image image=&#8221;1496&#8243; img_size=&#8221;full&#8221;][vc_single_image image=&#8221;987&#8243; img_size=&#8221;full&#8221;][vc_single_image image=&#8221;1495&#8243; img_size=&#8221;full&#8221;][vc_single_image image=&#8221;1493&#8243; img_size=&#8221;full&#8221;][vc_single_image image=&#8221;1492&#8243; img_size=&#8221;full&#8221;][vc_single_image image=&#8221;1494&#8243; img_size=&#8221;full&#8221;]<\/div><\/div>[\/vc_column][\/vc_row]<\/p>\n","protected":false},"excerpt":{"rendered":"<p>[vc_row full_width=&#8221;stretch_row&#8221; equal_height=&#8221;yes&#8221; css=&#8221;.vc_custom_1524752697549{background-position: 0 0 !important;background-repeat: repeat !important;}&#8221;][vc_column][rev_slider_vc alias=&#8221;main-slider&#8221;][vc_empty_space height=&#8221;50px&#8221;][vc_row_inner css=&#8221;.vc_custom_1524858528509{padding-top: 20px !important;}&#8221;][vc_column_inner width=&#8221;1\/4&#8243;][vc_custom_heading text=&#8221;Un huevo al d\u00eda te hace bien&#8221; font_container=&#8221;tag:h5|text_align:center|color:%23a80000&#8243; google_fonts=&#8221;font_family:Merriweather%3A300%2C300italic%2Cregular%2Citalic%2C700%2C700italic%2C900%2C900italic|font_style:700%20bold%20regular%3A700%3Anormal&#8221;][vc_single_image image=&#8221;1153&#8243; img_size=&#8221;medium&#8221; alignment=&#8221;center&#8221; style=&#8221;vc_box_outline_circle_2&#8243; border_color=&#8221;orange&#8221; onclick=&#8221;custom_link&#8221; link=&#8221;https:\/\/www.santaelvira.cl\/sitio\/el-huevo\/&#8221;][\/vc_column_inner][vc_column_inner width=&#8221;1\/4&#8243;][vc_custom_heading text=&#8221;Gallina feliz, Huevo feliz&#8221; font_container=&#8221;tag:h5|text_align:center|color:%23a80000&#8243; google_fonts=&#8221;font_family:Merriweather%3A300%2C300italic%2Cregular%2Citalic%2C700%2C700italic%2C900%2C900italic|font_style:700%20bold%20regular%3A700%3Anormal&#8221;][vc_single_image image=&#8221;1229&#8243; img_size=&#8221;medium&#8221; alignment=&#8221;center&#8221; style=&#8221;vc_box_outline_circle_2&#8243; border_color=&#8221;orange&#8221; onclick=&#8221;custom_link&#8221; link=&#8221;https:\/\/www.santaelvira.cl\/sitio\/gallina-libre\/&#8221;][\/vc_column_inner][vc_column_inner width=&#8221;1\/4&#8243;][vc_custom_heading text=&#8221;D\u00f3nde encontrarnos&#8221; font_container=&#8221;tag:h5|text_align:center|color:%23a80000&#8243; google_fonts=&#8221;font_family:Merriweather%3A300%2C300italic%2Cregular%2Citalic%2C700%2C700italic%2C900%2C900italic|font_style:700%20bold%20regular%3A700%3Anormal&#8221;][vc_single_image image=&#8221;1081&#8243; img_size=&#8221;medium&#8221; alignment=&#8221;center&#8221; style=&#8221;vc_box_outline_circle_2&#8243; border_color=&#8221;orange&#8221; [&hellip;]<\/p>\n","protected":false},"author":1,"featured_media":0,"parent":0,"menu_order":7,"comment_status":"closed","ping_status":"closed","template":"","meta":{"_monsterinsights_skip_tracking":false,"_monsterinsights_sitenote_active":false,"_monsterinsights_sitenote_note":"","_monsterinsights_sitenote_category":0,"footnotes":""},"class_list":["post-45","page","type-page","status-publish","hentry"],"yoast_head":"<!-- This site is optimized with the Yoast SEO plugin v26.5 - https:\/\/yoast.com\/wordpress\/plugins\/seo\/ -->\n<title>Av\u00edcola Santa Elvira - L\u00edderes en la producci\u00f3n y distribuci\u00f3n de huevos<\/title>\n<meta name=\"description\" content=\"Somos una empresa productora de huevos orientada a brindar un producto de excelencia y de alto valor nutricional, a trav\u00e9s de un servicio de distribuci\u00f3n oportuno y confiable. Utilizar materias primas de primer nivel e innovar constantemente en tecnolog\u00eda.\" \/>\n<meta name=\"robots\" content=\"index, follow, max-snippet:-1, max-image-preview:large, max-video-preview:-1\" \/>\n<link rel=\"canonical\" href=\"https:\/\/www.santaelvira.cl\/sitio\/\" \/>\n<meta property=\"og:locale\" content=\"es_ES\" \/>\n<meta property=\"og:type\" content=\"article\" \/>\n<meta property=\"og:title\" content=\"Av\u00edcola Santa Elvira - L\u00edderes en la producci\u00f3n y distribuci\u00f3n de huevos\" \/>\n<meta property=\"og:description\" content=\"Somos una empresa productora de huevos orientada a brindar un producto de excelencia y de alto valor nutricional, a trav\u00e9s de un servicio de distribuci\u00f3n oportuno y confiable. Utilizar materias primas de primer nivel e innovar constantemente en tecnolog\u00eda.\" \/>\n<meta property=\"og:url\" content=\"https:\/\/www.santaelvira.cl\/sitio\/\" \/>\n<meta property=\"og:site_name\" content=\"Av\u00edcola Santa Elvira\" \/>\n<meta property=\"article:modified_time\" content=\"2020-11-30T14:38:27+00:00\" \/>\n<meta name=\"twitter:card\" content=\"summary_large_image\" \/>\n<meta name=\"twitter:label1\" content=\"Tiempo de lectura\" \/>\n\t<meta name=\"twitter:data1\" content=\"3 minutos\" \/>\n<script type=\"application\/ld+json\" class=\"yoast-schema-graph\">{\"@context\":\"https:\/\/schema.org\",\"@graph\":[{\"@type\":\"WebPage\",\"@id\":\"https:\/\/www.santaelvira.cl\/sitio\/\",\"url\":\"https:\/\/www.santaelvira.cl\/sitio\/\",\"name\":\"Av\u00edcola Santa Elvira - L\u00edderes en la producci\u00f3n y distribuci\u00f3n de huevos\",\"isPartOf\":{\"@id\":\"https:\/\/www.santaelvira.cl\/sitio\/#website\"},\"datePublished\":\"2016-05-16T09:17:19+00:00\",\"dateModified\":\"2020-11-30T14:38:27+00:00\",\"description\":\"Somos una empresa productora de huevos orientada a brindar un producto de excelencia y de alto valor nutricional, a trav\u00e9s de un servicio de distribuci\u00f3n oportuno y confiable. Utilizar materias primas de primer nivel e innovar constantemente en tecnolog\u00eda.\",\"inLanguage\":\"es\",\"potentialAction\":[{\"@type\":\"ReadAction\",\"target\":[\"https:\/\/www.santaelvira.cl\/sitio\/\"]}]},{\"@type\":\"WebSite\",\"@id\":\"https:\/\/www.santaelvira.cl\/sitio\/#website\",\"url\":\"https:\/\/www.santaelvira.cl\/sitio\/\",\"name\":\"Av\u00edcola Santa Elvira\",\"description\":\"Con la Calidad de Siempre\",\"publisher\":{\"@id\":\"https:\/\/www.santaelvira.cl\/sitio\/#organization\"},\"potentialAction\":[{\"@type\":\"SearchAction\",\"target\":{\"@type\":\"EntryPoint\",\"urlTemplate\":\"https:\/\/www.santaelvira.cl\/sitio\/?s={search_term_string}\"},\"query-input\":{\"@type\":\"PropertyValueSpecification\",\"valueRequired\":true,\"valueName\":\"search_term_string\"}}],\"inLanguage\":\"es\"},{\"@type\":\"Organization\",\"@id\":\"https:\/\/www.santaelvira.cl\/sitio\/#organization\",\"name\":\"Av\u00edcola Santa Elvira\",\"url\":\"https:\/\/www.santaelvira.cl\/sitio\/\",\"logo\":{\"@type\":\"ImageObject\",\"inLanguage\":\"es\",\"@id\":\"https:\/\/www.santaelvira.cl\/sitio\/#\/schema\/logo\/image\/\",\"url\":\"https:\/\/www.santaelvira.cl\/sitio\/wp-content\/uploads\/2018\/03\/nuevo-logo-santa-elvira-editable.png\",\"contentUrl\":\"https:\/\/www.santaelvira.cl\/sitio\/wp-content\/uploads\/2018\/03\/nuevo-logo-santa-elvira-editable.png\",\"width\":352,\"height\":200,\"caption\":\"Av\u00edcola Santa Elvira\"},\"image\":{\"@id\":\"https:\/\/www.santaelvira.cl\/sitio\/#\/schema\/logo\/image\/\"}}]}<\/script>\n<!-- \/ Yoast SEO plugin. -->","yoast_head_json":{"title":"Av\u00edcola Santa Elvira - L\u00edderes en la producci\u00f3n y distribuci\u00f3n de huevos","description":"Somos una empresa productora de huevos orientada a brindar un producto de excelencia y de alto valor nutricional, a trav\u00e9s de un servicio de distribuci\u00f3n oportuno y confiable. Utilizar materias primas de primer nivel e innovar constantemente en tecnolog\u00eda.","robots":{"index":"index","follow":"follow","max-snippet":"max-snippet:-1","max-image-preview":"max-image-preview:large","max-video-preview":"max-video-preview:-1"},"canonical":"https:\/\/www.santaelvira.cl\/sitio\/","og_locale":"es_ES","og_type":"article","og_title":"Av\u00edcola Santa Elvira - L\u00edderes en la producci\u00f3n y distribuci\u00f3n de huevos","og_description":"Somos una empresa productora de huevos orientada a brindar un producto de excelencia y de alto valor nutricional, a trav\u00e9s de un servicio de distribuci\u00f3n oportuno y confiable. Utilizar materias primas de primer nivel e innovar constantemente en tecnolog\u00eda.","og_url":"https:\/\/www.santaelvira.cl\/sitio\/","og_site_name":"Av\u00edcola Santa Elvira","article_modified_time":"2020-11-30T14:38:27+00:00","twitter_card":"summary_large_image","twitter_misc":{"Tiempo de lectura":"3 minutos"},"schema":{"@context":"https:\/\/schema.org","@graph":[{"@type":"WebPage","@id":"https:\/\/www.santaelvira.cl\/sitio\/","url":"https:\/\/www.santaelvira.cl\/sitio\/","name":"Av\u00edcola Santa Elvira - L\u00edderes en la producci\u00f3n y distribuci\u00f3n de huevos","isPartOf":{"@id":"https:\/\/www.santaelvira.cl\/sitio\/#website"},"datePublished":"2016-05-16T09:17:19+00:00","dateModified":"2020-11-30T14:38:27+00:00","description":"Somos una empresa productora de huevos orientada a brindar un producto de excelencia y de alto valor nutricional, a trav\u00e9s de un servicio de distribuci\u00f3n oportuno y confiable. Utilizar materias primas de primer nivel e innovar constantemente en tecnolog\u00eda.","inLanguage":"es","potentialAction":[{"@type":"ReadAction","target":["https:\/\/www.santaelvira.cl\/sitio\/"]}]},{"@type":"WebSite","@id":"https:\/\/www.santaelvira.cl\/sitio\/#website","url":"https:\/\/www.santaelvira.cl\/sitio\/","name":"Av\u00edcola Santa Elvira","description":"Con la Calidad de Siempre","publisher":{"@id":"https:\/\/www.santaelvira.cl\/sitio\/#organization"},"potentialAction":[{"@type":"SearchAction","target":{"@type":"EntryPoint","urlTemplate":"https:\/\/www.santaelvira.cl\/sitio\/?s={search_term_string}"},"query-input":{"@type":"PropertyValueSpecification","valueRequired":true,"valueName":"search_term_string"}}],"inLanguage":"es"},{"@type":"Organization","@id":"https:\/\/www.santaelvira.cl\/sitio\/#organization","name":"Av\u00edcola Santa Elvira","url":"https:\/\/www.santaelvira.cl\/sitio\/","logo":{"@type":"ImageObject","inLanguage":"es","@id":"https:\/\/www.santaelvira.cl\/sitio\/#\/schema\/logo\/image\/","url":"https:\/\/www.santaelvira.cl\/sitio\/wp-content\/uploads\/2018\/03\/nuevo-logo-santa-elvira-editable.png","contentUrl":"https:\/\/www.santaelvira.cl\/sitio\/wp-content\/uploads\/2018\/03\/nuevo-logo-santa-elvira-editable.png","width":352,"height":200,"caption":"Av\u00edcola Santa Elvira"},"image":{"@id":"https:\/\/www.santaelvira.cl\/sitio\/#\/schema\/logo\/image\/"}}]}},"_links":{"self":[{"href":"https:\/\/www.santaelvira.cl\/sitio\/wp-json\/wp\/v2\/pages\/45","targetHints":{"allow":["GET"]}}],"collection":[{"href":"https:\/\/www.santaelvira.cl\/sitio\/wp-json\/wp\/v2\/pages"}],"about":[{"href":"https:\/\/www.santaelvira.cl\/sitio\/wp-json\/wp\/v2\/types\/page"}],"author":[{"embeddable":true,"href":"https:\/\/www.santaelvira.cl\/sitio\/wp-json\/wp\/v2\/users\/1"}],"replies":[{"embeddable":true,"href":"https:\/\/www.santaelvira.cl\/sitio\/wp-json\/wp\/v2\/comments?post=45"}],"version-history":[{"count":260,"href":"https:\/\/www.santaelvira.cl\/sitio\/wp-json\/wp\/v2\/pages\/45\/revisions"}],"predecessor-version":[{"id":2295,"href":"https:\/\/www.santaelvira.cl\/sitio\/wp-json\/wp\/v2\/pages\/45\/revisions\/2295"}],"wp:attachment":[{"href":"https:\/\/www.santaelvira.cl\/sitio\/wp-json\/wp\/v2\/media?parent=45"}],"curies":[{"name":"wp","href":"https:\/\/api.w.org\/{rel}","templated":true}]}}