{"id":907,"date":"2018-03-14T10:54:27","date_gmt":"2018-03-14T15:54:27","guid":{"rendered":"https:\/\/www.santaelvira.cl\/sitio\/?page_id=907"},"modified":"2020-11-30T09:38:27","modified_gmt":"2020-11-30T14:38:27","slug":"el-huevo","status":"publish","type":"page","link":"https:\/\/www.santaelvira.cl\/sitio\/el-huevo\/","title":{"rendered":"EL HUEVO"},"content":{"rendered":"<p>[vc_row full_width=&#8221;stretch_row_content&#8221; css=&#8221;.vc_custom_1527548729903{background-position: center !important;background-repeat: no-repeat !important;background-size: cover !important;}&#8221;][vc_column width=&#8221;1\/2&#8243; css=&#8221;.vc_custom_1527538317790{padding-top: 200px !important;padding-bottom: 200px !important;background-image: url(https:\/\/www.santaelvira.cl\/sitio\/wp-content\/uploads\/2018\/03\/IMG_4353-Large.jpg?id=1150) !important;background-position: center !important;background-repeat: no-repeat !important;background-size: cover !important;}&#8221;][vc_column_text css=&#8221;.vc_custom_1592581479038{padding-top: 50px !important;padding-right: 50px !important;padding-bottom: 50px !important;padding-left: 50px !important;background-color: rgba(255,255,255,0.7) !important;*background-color: rgb(255,255,255) !important;}&#8221;]<\/p>\n<div>\n<div>\n<div>\n<div>\n<h4><\/h4>\n<h4><\/h4>\n<h4 style=\"text-align: justify;\">El Alimento m\u00e1s nutritivo de la naturaleza<\/h4>\n<p style=\"text-align: justify;\">El huevo, seg\u00fan la FAO (Organizaci\u00f3n de las Naciones Unidas para la Alimentaci\u00f3n y Agricultura), es\u00a0considerado el alimento m\u00e1s nutritivo de la naturaleza ya que contiene las prote\u00ednas de m\u00e1s alto valor biol\u00f3gico\u00a0despu\u00e9s de la leche materna. Esto significa que tiene la prote\u00edna de mejor calidad, incluso superior a la de la carne y otros productos l\u00e1cteos.<\/p>\n<p>&nbsp;<\/p>\n<\/div>\n<p>USO PREVISTO<\/p>\n<p>El producto est\u00e1 destinado para ser consumido cocido, en distintas dietas alimenticias seg\u00fan grupos etarios y seg\u00fan vulnerabilidad inmunol\u00f3gica.<\/p>\n<p>Se recomienda que:<\/p>\n<p>\u2022 El huevo sea conservado en lugar fresco por un tiempo m\u00e1ximo de 30 d\u00edas.<br \/>\n\u2022 No sea consumido por personas sensibles a la alb\u00famina.<br \/>\n\u2022 No se consumido crudo.<br \/>\n\u2022 No sea consumido por personas sensibles que puedan presentar alergia alimentaria al huevo y sus productos .<\/p>\n<p>Se podr\u00eda usar en:<\/p>\n<p>\u2022 Alimentaci\u00f3n institucional y colectiva.<br \/>\n\u2022 Panader\u00edas y Pasteler\u00edas.<br \/>\n\u2022 Industrias Procesadoras.<br \/>\n\u2022 Venta Directa.<br \/>\n\u2022 Como ingredientes en otras preparaciones.<\/p>\n<\/div>\n<\/div>\n<\/div>\n<p>[\/vc_column_text][\/vc_column][vc_column width=&#8221;1\/2&#8243; css=&#8221;.vc_custom_1527549074707{padding-top: 50px !important;padding-right: 80px !important;padding-bottom: 50px !important;padding-left: 80px !important;}&#8221;][vc_column_text]<\/p>\n<h2 style=\"text-align: left;\"><span style=\"color: #a80000;\">Propiedades del Huevo<\/span><\/h2>\n<p>[\/vc_column_text][vc_empty_space height=&#8221;20px&#8221;][vc_column_text]<\/p>\n<h5 style=\"text-align: justify;\"><span style=\"font-family: Merriweather; color: #a80000;\"><img loading=\"lazy\" decoding=\"async\" class=\"alignnone wp-image-1705\" src=\"https:\/\/www.santaelvira.cl\/sitio\/wp-content\/uploads\/2018\/04\/egg-04.png\" alt=\"\" width=\"18\" height=\"24\" \/>\u00a0<\/span><span style=\"font-family: Merriweather; color: #a80000;\">\u00bb\u00a0<\/span><span style=\"font-family: Merriweather; color: #a80000;\">Prote\u00ednas<\/span><\/h5>\n<p style=\"text-align: justify;\">La\u00a0ovoalb\u00famina\u00a0es la prote\u00edna m\u00e1s completa que existe y es la prote\u00edna del huevo. Contiene todos los\u00a0amino\u00e1cidos\u00a0que el cuerpo necesita para crecer, mantenerse sano y reparar tejidos desgastados.<\/p>\n<h5 style=\"text-align: justify;\"><span style=\"font-family: Merriweather; color: #a80000;\"><img loading=\"lazy\" decoding=\"async\" class=\"alignnone wp-image-1705\" src=\"https:\/\/www.santaelvira.cl\/sitio\/wp-content\/uploads\/2018\/04\/egg-04.png\" alt=\"\" width=\"18\" height=\"24\" \/>\u00a0\u00bb\u00a0<\/span><span style=\"font-family: Merriweather; color: #a80000;\">Vitaminas<\/span><\/h5>\n<p style=\"text-align: justify;\">En el Huevo se encuentra una gran variedad de importantes\u00a0Vitaminas \u00a0(A, E, D, B12, B6, B2, B1). Todas estas vitaminas mejoran la combusti\u00f3n eficiente de los nutrientes para estar m\u00e1s saludables y no sentirnos cansados.<\/p>\n<h5 style=\"text-align: justify;\"><span style=\"font-family: Merriweather; color: #a80000;\"><img loading=\"lazy\" decoding=\"async\" class=\"alignnone wp-image-1705\" src=\"https:\/\/www.santaelvira.cl\/sitio\/wp-content\/uploads\/2018\/04\/egg-04.png\" alt=\"\" width=\"18\" height=\"24\" \/>\u00a0\u00bb\u00a0<\/span><span style=\"font-family: Merriweather; color: #a80000;\">Minerales<\/span><\/h5>\n<p style=\"text-align: justify;\">El huevo tambi\u00e9n contiene todos los minerales que el cuerpo necesita. Entre ellos destacan el\u00a0f\u00f3sforo, el cual contribuye a la formaci\u00f3n de huesos y dientes; el\u00a0zinc\u00a0para el sistema inmunol\u00f3gico y el crecimiento, y \u00a0por \u00faltimo el\u00a0selenio, el cual es un potente antioxidante.<\/p>\n<h5 style=\"text-align: justify;\"><span style=\"font-family: Merriweather; color: #a80000;\"><img loading=\"lazy\" decoding=\"async\" class=\"alignnone wp-image-1705\" src=\"https:\/\/www.santaelvira.cl\/sitio\/wp-content\/uploads\/2018\/04\/egg-04.png\" alt=\"\" width=\"18\" height=\"24\" \/>\u00a0\u00bb\u00a0<\/span><span style=\"font-family: Merriweather; color: #a80000;\">Grasas<\/span><\/h5>\n<p style=\"text-align: justify;\">El huevo contiene grasas\u00a0monoinsaturadas, como las del aceite de oliva, las cuales son beneficiosas para la salud cardiovascular, y para el correcto funcionamiento de nuestro cuerpo, ya que sirven como una gran reserva de energ\u00edas y forman parte de cada c\u00e9lula de \u00e9ste.<\/p>\n<p>[\/vc_column_text][\/vc_column][\/vc_row][vc_row full_width=&#8221;stretch_row&#8221; css=&#8221;.vc_custom_1527537714053{background: rgba(255,255,255,0.75) url(https:\/\/www.santaelvira.cl\/sitio\/wp-content\/uploads\/2018\/05\/1-01.jpg?id=2008) !important;*background-color: rgb(255,255,255) !important;}&#8221;][vc_column][vc_empty_space height=&#8221;60px&#8221;]<div id=\"nitro_custom_css_1079867234\" class=\"pr nitro-heading tc\"><div class=\"heading\"><h2>#QueNoTeFalteHuevo<\/h2><\/div><div class=\"sep line top\"><\/div><\/div>[vc_empty_space][vc_row_inner][vc_column_inner width=&#8221;1\/4&#8243;]<div class=\"sc-video\" style=\"max-width:500px\";><div class=\"fluid-iframe pr\"><iframe loading=\"lazy\" class=\"pa\" type=\"text\/html\" width=\"500\" height=\"281\" src=\"https:\/\/www.youtube.com\/embed\/kgbY2zBy8Po?rel=0&controls=1\" frameborder=\"0\"><\/iframe><\/div><\/div>[\/vc_column_inner][vc_column_inner width=&#8221;1\/4&#8243;]<div class=\"sc-video\" style=\"max-width:500px\";><div class=\"fluid-iframe pr\"><iframe loading=\"lazy\" class=\"pa\" type=\"text\/html\" width=\"500\" height=\"281\" src=\"https:\/\/www.youtube.com\/embed\/QpL7yEC7mdc?rel=0&controls=1\" frameborder=\"0\"><\/iframe><\/div><\/div>[\/vc_column_inner][vc_column_inner width=&#8221;1\/4&#8243;]<div class=\"sc-video\" style=\"max-width:500px\";><div class=\"fluid-iframe pr\"><iframe loading=\"lazy\" class=\"pa\" type=\"text\/html\" width=\"500\" height=\"281\" src=\"https:\/\/www.youtube.com\/embed\/g9N-nesM_MY?rel=0&controls=1\" frameborder=\"0\"><\/iframe><\/div><\/div>[\/vc_column_inner][vc_column_inner width=&#8221;1\/4&#8243;]<div class=\"sc-video\" style=\"max-width:500px\";><div class=\"fluid-iframe pr\"><iframe loading=\"lazy\" class=\"pa\" type=\"text\/html\" width=\"500\" height=\"281\" src=\"https:\/\/www.youtube.com\/embed\/FILFOD9kcZE?rel=0&controls=1\" frameborder=\"0\"><\/iframe><\/div><\/div>[\/vc_column_inner][\/vc_row_inner][vc_empty_space height=&#8221;60px&#8221;][\/vc_column][\/vc_row][vc_row][vc_column][vc_empty_space height=&#8221;50px&#8221;][\/vc_column][\/vc_row][vc_row full_width=&#8221;stretch_row&#8221; content_placement=&#8221;middle&#8221; bg_type=&#8221;image&#8221; lvca_dark_bg=&#8221;true&#8221; css=&#8221;.vc_custom_1524779657807{padding-top: 50px !important;padding-bottom: 20px !important;background-image: url(https:\/\/www.santaelvira.cl\/sitio\/wp-content\/uploads\/2018\/04\/fondo-footer-02.png?id=1486) !important;}&#8221;][vc_column css=&#8221;.vc_custom_1524777020708{padding-top: 50px !important;padding-bottom: 20px !important;}&#8221;][vc_empty_space height=&#8221;20px&#8221;]<div id=\"nitro_custom_css_1391898838\" class=\"pr nitro-heading tc\"><div class=\"heading\"><h2>Encu\u00e9ntranos en:<\/h2><\/div><\/div>[vc_empty_space height=&#8221;20px&#8221;]<div class=\"nitro-carousel-wrap oh\"><div id=\"nitro_custom_css_1874240449\" class=\"nitro-carousel pr wr-nitro-carousel \" data-owl-options='{&quot;items&quot;: &quot;7&quot;, &quot;autoplay&quot;: &quot;true&quot;, &quot;nav&quot;: &quot;true&quot;, &quot;desktop&quot;: &quot;4&quot;, &quot;tablet&quot;: &quot;3&quot;, &quot;mobile&quot;: &quot;2&quot;, &quot;sm_mobile&quot;: &quot;1&quot;}'>[vc_single_image image=&#8221;1497&#8243; img_size=&#8221;full&#8221; alignment=&#8221;center&#8221; css=&#8221;.vc_custom_1524759016322{margin-bottom: -50px !important;}&#8221;][vc_single_image image=&#8221;979&#8243; img_size=&#8221;full&#8221;][vc_single_image image=&#8221;1498&#8243; img_size=&#8221;full&#8221;][vc_single_image image=&#8221;982&#8243; img_size=&#8221;full&#8221;][vc_single_image image=&#8221;1496&#8243; img_size=&#8221;full&#8221;][vc_single_image image=&#8221;987&#8243; img_size=&#8221;full&#8221;][vc_single_image image=&#8221;1495&#8243; img_size=&#8221;full&#8221;][vc_single_image image=&#8221;1493&#8243; img_size=&#8221;full&#8221;][vc_single_image image=&#8221;1492&#8243; img_size=&#8221;full&#8221;][vc_single_image image=&#8221;1494&#8243; img_size=&#8221;full&#8221;]<\/div><\/div>[\/vc_column][\/vc_row]<\/p>\n","protected":false},"excerpt":{"rendered":"<p>[vc_row full_width=&#8221;stretch_row_content&#8221; css=&#8221;.vc_custom_1527548729903{background-position: center !important;background-repeat: no-repeat !important;background-size: cover !important;}&#8221;][vc_column width=&#8221;1\/2&#8243; css=&#8221;.vc_custom_1527538317790{padding-top: 200px !important;padding-bottom: 200px !important;background-image: url(https:\/\/www.santaelvira.cl\/sitio\/wp-content\/uploads\/2018\/03\/IMG_4353-Large.jpg?id=1150) !important;background-position: center !important;background-repeat: no-repeat !important;background-size: cover !important;}&#8221;][vc_column_text css=&#8221;.vc_custom_1592581479038{padding-top: 50px !important;padding-right: 50px !important;padding-bottom: 50px !important;padding-left: 50px !important;background-color: rgba(255,255,255,0.7) !important;*background-color: rgb(255,255,255) !important;}&#8221;] El Alimento m\u00e1s nutritivo de la naturaleza El huevo, seg\u00fan la FAO (Organizaci\u00f3n de las Naciones Unidas para la [&hellip;]<\/p>\n","protected":false},"author":1,"featured_media":0,"parent":0,"menu_order":15,"comment_status":"closed","ping_status":"closed","template":"","meta":{"_monsterinsights_skip_tracking":false,"_monsterinsights_sitenote_active":false,"_monsterinsights_sitenote_note":"","_monsterinsights_sitenote_category":0,"footnotes":""},"class_list":["post-907","page","type-page","status-publish","hentry"],"yoast_head":"<!-- This site is optimized with the Yoast SEO plugin v26.5 - https:\/\/yoast.com\/wordpress\/plugins\/seo\/ -->\n<title>EL HUEVO - Av\u00edcola Santa Elvira<\/title>\n<meta name=\"robots\" content=\"index, follow, max-snippet:-1, max-image-preview:large, max-video-preview:-1\" \/>\n<link rel=\"canonical\" href=\"https:\/\/www.santaelvira.cl\/sitio\/el-huevo\/\" \/>\n<meta property=\"og:locale\" content=\"es_ES\" \/>\n<meta property=\"og:type\" content=\"article\" \/>\n<meta property=\"og:title\" content=\"EL HUEVO - Av\u00edcola Santa Elvira\" \/>\n<meta property=\"og:description\" content=\"[vc_row full_width=&#8221;stretch_row_content&#8221; css=&#8221;.vc_custom_1527548729903{background-position: center !important;background-repeat: no-repeat !important;background-size: cover !important;}&#8221;][vc_column width=&#8221;1\/2&#8243; css=&#8221;.vc_custom_1527538317790{padding-top: 200px !important;padding-bottom: 200px !important;background-image: url(https:\/\/www.santaelvira.cl\/sitio\/wp-content\/uploads\/2018\/03\/IMG_4353-Large.jpg?id=1150) !important;background-position: center !important;background-repeat: no-repeat !important;background-size: cover !important;}&#8221;][vc_column_text css=&#8221;.vc_custom_1592581479038{padding-top: 50px !important;padding-right: 50px !important;padding-bottom: 50px !important;padding-left: 50px !important;background-color: rgba(255,255,255,0.7) !important;*background-color: rgb(255,255,255) !important;}&#8221;] El Alimento m\u00e1s nutritivo de la naturaleza El huevo, seg\u00fan la FAO (Organizaci\u00f3n de las Naciones Unidas para la [&hellip;]\" \/>\n<meta property=\"og:url\" content=\"https:\/\/www.santaelvira.cl\/sitio\/el-huevo\/\" \/>\n<meta property=\"og:site_name\" content=\"Av\u00edcola Santa Elvira\" \/>\n<meta property=\"article:modified_time\" content=\"2020-11-30T14:38:27+00:00\" \/>\n<meta property=\"og:image\" content=\"https:\/\/www.santaelvira.cl\/sitio\/wp-content\/uploads\/2018\/04\/egg-04.png\" \/>\n<meta name=\"twitter:card\" content=\"summary_large_image\" \/>\n<meta name=\"twitter:label1\" content=\"Tiempo de lectura\" \/>\n\t<meta name=\"twitter:data1\" content=\"5 minutos\" \/>\n<script type=\"application\/ld+json\" class=\"yoast-schema-graph\">{\"@context\":\"https:\/\/schema.org\",\"@graph\":[{\"@type\":\"WebPage\",\"@id\":\"https:\/\/www.santaelvira.cl\/sitio\/el-huevo\/\",\"url\":\"https:\/\/www.santaelvira.cl\/sitio\/el-huevo\/\",\"name\":\"EL HUEVO - Av\u00edcola Santa Elvira\",\"isPartOf\":{\"@id\":\"https:\/\/www.santaelvira.cl\/sitio\/#website\"},\"primaryImageOfPage\":{\"@id\":\"https:\/\/www.santaelvira.cl\/sitio\/el-huevo\/#primaryimage\"},\"image\":{\"@id\":\"https:\/\/www.santaelvira.cl\/sitio\/el-huevo\/#primaryimage\"},\"thumbnailUrl\":\"https:\/\/www.santaelvira.cl\/sitio\/wp-content\/uploads\/2018\/04\/egg-04.png\",\"datePublished\":\"2018-03-14T15:54:27+00:00\",\"dateModified\":\"2020-11-30T14:38:27+00:00\",\"breadcrumb\":{\"@id\":\"https:\/\/www.santaelvira.cl\/sitio\/el-huevo\/#breadcrumb\"},\"inLanguage\":\"es\",\"potentialAction\":[{\"@type\":\"ReadAction\",\"target\":[\"https:\/\/www.santaelvira.cl\/sitio\/el-huevo\/\"]}]},{\"@type\":\"ImageObject\",\"inLanguage\":\"es\",\"@id\":\"https:\/\/www.santaelvira.cl\/sitio\/el-huevo\/#primaryimage\",\"url\":\"https:\/\/www.santaelvira.cl\/sitio\/wp-content\/uploads\/2018\/04\/egg-04.png\",\"contentUrl\":\"https:\/\/www.santaelvira.cl\/sitio\/wp-content\/uploads\/2018\/04\/egg-04.png\",\"width\":31,\"height\":39},{\"@type\":\"BreadcrumbList\",\"@id\":\"https:\/\/www.santaelvira.cl\/sitio\/el-huevo\/#breadcrumb\",\"itemListElement\":[{\"@type\":\"ListItem\",\"position\":1,\"name\":\"Portada\",\"item\":\"https:\/\/www.santaelvira.cl\/sitio\/\"},{\"@type\":\"ListItem\",\"position\":2,\"name\":\"EL HUEVO\"}]},{\"@type\":\"WebSite\",\"@id\":\"https:\/\/www.santaelvira.cl\/sitio\/#website\",\"url\":\"https:\/\/www.santaelvira.cl\/sitio\/\",\"name\":\"Av\u00edcola Santa Elvira\",\"description\":\"Con la Calidad de Siempre\",\"publisher\":{\"@id\":\"https:\/\/www.santaelvira.cl\/sitio\/#organization\"},\"potentialAction\":[{\"@type\":\"SearchAction\",\"target\":{\"@type\":\"EntryPoint\",\"urlTemplate\":\"https:\/\/www.santaelvira.cl\/sitio\/?s={search_term_string}\"},\"query-input\":{\"@type\":\"PropertyValueSpecification\",\"valueRequired\":true,\"valueName\":\"search_term_string\"}}],\"inLanguage\":\"es\"},{\"@type\":\"Organization\",\"@id\":\"https:\/\/www.santaelvira.cl\/sitio\/#organization\",\"name\":\"Av\u00edcola Santa Elvira\",\"url\":\"https:\/\/www.santaelvira.cl\/sitio\/\",\"logo\":{\"@type\":\"ImageObject\",\"inLanguage\":\"es\",\"@id\":\"https:\/\/www.santaelvira.cl\/sitio\/#\/schema\/logo\/image\/\",\"url\":\"https:\/\/www.santaelvira.cl\/sitio\/wp-content\/uploads\/2018\/03\/nuevo-logo-santa-elvira-editable.png\",\"contentUrl\":\"https:\/\/www.santaelvira.cl\/sitio\/wp-content\/uploads\/2018\/03\/nuevo-logo-santa-elvira-editable.png\",\"width\":352,\"height\":200,\"caption\":\"Av\u00edcola Santa Elvira\"},\"image\":{\"@id\":\"https:\/\/www.santaelvira.cl\/sitio\/#\/schema\/logo\/image\/\"}}]}<\/script>\n<!-- \/ Yoast SEO plugin. -->","yoast_head_json":{"title":"EL HUEVO - Av\u00edcola Santa Elvira","robots":{"index":"index","follow":"follow","max-snippet":"max-snippet:-1","max-image-preview":"max-image-preview:large","max-video-preview":"max-video-preview:-1"},"canonical":"https:\/\/www.santaelvira.cl\/sitio\/el-huevo\/","og_locale":"es_ES","og_type":"article","og_title":"EL HUEVO - Av\u00edcola Santa Elvira","og_description":"[vc_row full_width=&#8221;stretch_row_content&#8221; css=&#8221;.vc_custom_1527548729903{background-position: center !important;background-repeat: no-repeat !important;background-size: cover !important;}&#8221;][vc_column width=&#8221;1\/2&#8243; css=&#8221;.vc_custom_1527538317790{padding-top: 200px !important;padding-bottom: 200px !important;background-image: url(https:\/\/www.santaelvira.cl\/sitio\/wp-content\/uploads\/2018\/03\/IMG_4353-Large.jpg?id=1150) !important;background-position: center !important;background-repeat: no-repeat !important;background-size: cover !important;}&#8221;][vc_column_text css=&#8221;.vc_custom_1592581479038{padding-top: 50px !important;padding-right: 50px !important;padding-bottom: 50px !important;padding-left: 50px !important;background-color: rgba(255,255,255,0.7) !important;*background-color: rgb(255,255,255) !important;}&#8221;] El Alimento m\u00e1s nutritivo de la naturaleza El huevo, seg\u00fan la FAO (Organizaci\u00f3n de las Naciones Unidas para la [&hellip;]","og_url":"https:\/\/www.santaelvira.cl\/sitio\/el-huevo\/","og_site_name":"Av\u00edcola Santa Elvira","article_modified_time":"2020-11-30T14:38:27+00:00","og_image":[{"url":"https:\/\/www.santaelvira.cl\/sitio\/wp-content\/uploads\/2018\/04\/egg-04.png","type":"","width":"","height":""}],"twitter_card":"summary_large_image","twitter_misc":{"Tiempo de lectura":"5 minutos"},"schema":{"@context":"https:\/\/schema.org","@graph":[{"@type":"WebPage","@id":"https:\/\/www.santaelvira.cl\/sitio\/el-huevo\/","url":"https:\/\/www.santaelvira.cl\/sitio\/el-huevo\/","name":"EL HUEVO - Av\u00edcola Santa Elvira","isPartOf":{"@id":"https:\/\/www.santaelvira.cl\/sitio\/#website"},"primaryImageOfPage":{"@id":"https:\/\/www.santaelvira.cl\/sitio\/el-huevo\/#primaryimage"},"image":{"@id":"https:\/\/www.santaelvira.cl\/sitio\/el-huevo\/#primaryimage"},"thumbnailUrl":"https:\/\/www.santaelvira.cl\/sitio\/wp-content\/uploads\/2018\/04\/egg-04.png","datePublished":"2018-03-14T15:54:27+00:00","dateModified":"2020-11-30T14:38:27+00:00","breadcrumb":{"@id":"https:\/\/www.santaelvira.cl\/sitio\/el-huevo\/#breadcrumb"},"inLanguage":"es","potentialAction":[{"@type":"ReadAction","target":["https:\/\/www.santaelvira.cl\/sitio\/el-huevo\/"]}]},{"@type":"ImageObject","inLanguage":"es","@id":"https:\/\/www.santaelvira.cl\/sitio\/el-huevo\/#primaryimage","url":"https:\/\/www.santaelvira.cl\/sitio\/wp-content\/uploads\/2018\/04\/egg-04.png","contentUrl":"https:\/\/www.santaelvira.cl\/sitio\/wp-content\/uploads\/2018\/04\/egg-04.png","width":31,"height":39},{"@type":"BreadcrumbList","@id":"https:\/\/www.santaelvira.cl\/sitio\/el-huevo\/#breadcrumb","itemListElement":[{"@type":"ListItem","position":1,"name":"Portada","item":"https:\/\/www.santaelvira.cl\/sitio\/"},{"@type":"ListItem","position":2,"name":"EL HUEVO"}]},{"@type":"WebSite","@id":"https:\/\/www.santaelvira.cl\/sitio\/#website","url":"https:\/\/www.santaelvira.cl\/sitio\/","name":"Av\u00edcola Santa Elvira","description":"Con la Calidad de Siempre","publisher":{"@id":"https:\/\/www.santaelvira.cl\/sitio\/#organization"},"potentialAction":[{"@type":"SearchAction","target":{"@type":"EntryPoint","urlTemplate":"https:\/\/www.santaelvira.cl\/sitio\/?s={search_term_string}"},"query-input":{"@type":"PropertyValueSpecification","valueRequired":true,"valueName":"search_term_string"}}],"inLanguage":"es"},{"@type":"Organization","@id":"https:\/\/www.santaelvira.cl\/sitio\/#organization","name":"Av\u00edcola Santa Elvira","url":"https:\/\/www.santaelvira.cl\/sitio\/","logo":{"@type":"ImageObject","inLanguage":"es","@id":"https:\/\/www.santaelvira.cl\/sitio\/#\/schema\/logo\/image\/","url":"https:\/\/www.santaelvira.cl\/sitio\/wp-content\/uploads\/2018\/03\/nuevo-logo-santa-elvira-editable.png","contentUrl":"https:\/\/www.santaelvira.cl\/sitio\/wp-content\/uploads\/2018\/03\/nuevo-logo-santa-elvira-editable.png","width":352,"height":200,"caption":"Av\u00edcola Santa Elvira"},"image":{"@id":"https:\/\/www.santaelvira.cl\/sitio\/#\/schema\/logo\/image\/"}}]}},"_links":{"self":[{"href":"https:\/\/www.santaelvira.cl\/sitio\/wp-json\/wp\/v2\/pages\/907","targetHints":{"allow":["GET"]}}],"collection":[{"href":"https:\/\/www.santaelvira.cl\/sitio\/wp-json\/wp\/v2\/pages"}],"about":[{"href":"https:\/\/www.santaelvira.cl\/sitio\/wp-json\/wp\/v2\/types\/page"}],"author":[{"embeddable":true,"href":"https:\/\/www.santaelvira.cl\/sitio\/wp-json\/wp\/v2\/users\/1"}],"replies":[{"embeddable":true,"href":"https:\/\/www.santaelvira.cl\/sitio\/wp-json\/wp\/v2\/comments?post=907"}],"version-history":[{"count":74,"href":"https:\/\/www.santaelvira.cl\/sitio\/wp-json\/wp\/v2\/pages\/907\/revisions"}],"predecessor-version":[{"id":2293,"href":"https:\/\/www.santaelvira.cl\/sitio\/wp-json\/wp\/v2\/pages\/907\/revisions\/2293"}],"wp:attachment":[{"href":"https:\/\/www.santaelvira.cl\/sitio\/wp-json\/wp\/v2\/media?parent=907"}],"curies":[{"name":"wp","href":"https:\/\/api.w.org\/{rel}","templated":true}]}}