{"id":912,"date":"2018-03-14T11:10:18","date_gmt":"2018-03-14T16:10:18","guid":{"rendered":"https:\/\/www.santaelvira.cl\/sitio\/?page_id=912"},"modified":"2020-11-30T09:38:27","modified_gmt":"2020-11-30T14:38:27","slug":"gallina-libre","status":"publish","type":"page","link":"https:\/\/www.santaelvira.cl\/sitio\/gallina-libre\/","title":{"rendered":"GALLINA LIBRE"},"content":{"rendered":"<p>[vc_row full_width=&#8221;stretch_row_content_no_spaces&#8221; equal_height=&#8221;yes&#8221;][vc_column width=&#8221;1\/2&#8243; css=&#8221;.vc_custom_1527549237241{padding-top: 50px !important;padding-right: 80px !important;padding-bottom: 70px !important;padding-left: 80px !important;background-color: rgba(255,255,255,0.8) !important;*background-color: rgb(255,255,255) !important;}&#8221;][vc_column_text]<\/p>\n<div style=\"text-align: justify;\">\n<h3 dir=\"ltr\" style=\"text-align: left;\"><span style=\"font-family: Merriweather; color: #a80000;\">Huevos enriquecidos con Omega 3<\/span><\/h3>\n<h5 dir=\"ltr\"><span style=\"font-family: arial, helvetica, sans-serif;\">Desde 2017, en <span class=\"il\">Santa<\/span> <span class=\"il\">Elvira<\/span> comenzamos a ofrecer huevos m\u00e1s felices otorg\u00e1ndoles a nuestras pollitas una mejor calidad de vida. Ellas viven en un espacio libre de \u00a0jaulas donde pueden correr, jugar y aletear libremente, adem\u00e1s de ingerir alimento de primera calidad para obtener un huevo feliz enriquecido con omega 3.<\/span><\/h5>\n<\/div>\n<p>[\/vc_column_text][vc_empty_space][\/vc_column][vc_column width=&#8221;1\/2&#8243; css=&#8221;.vc_custom_1527543822764{padding-top: 150px !important;padding-bottom: 150px !important;background-image: url(https:\/\/www.santaelvira.cl\/sitio\/wp-content\/uploads\/2018\/05\/gall-02.jpg?id=2052) !important;}&#8221;][\/vc_column][\/vc_row][vc_row full_width=&#8221;stretch_row_content_no_spaces&#8221; equal_height=&#8221;yes&#8221;][vc_column width=&#8221;1\/2&#8243; css=&#8221;.vc_custom_1527633802939{padding-top: 150px !important;padding-bottom: 150px !important;background-image: url(https:\/\/www.santaelvira.cl\/sitio\/wp-content\/uploads\/2018\/05\/4-9-04.jpg?id=2097) !important;}&#8221;][\/vc_column][vc_column width=&#8221;1\/2&#8243; css=&#8221;.vc_custom_1527549237241{padding-top: 50px !important;padding-right: 80px !important;padding-bottom: 70px !important;padding-left: 80px !important;background-color: rgba(255,255,255,0.8) !important;*background-color: rgb(255,255,255) !important;}&#8221;][vc_column_text]<\/p>\n<div style=\"text-align: justify;\">\n<h4 dir=\"ltr\"><span style=\"color: #a80000;\">\u00bfQu\u00e9 es el Omega 3?<\/span><\/h4>\n<p dir=\"ltr\">Los \u00e1cidos grasos\u00a0omega 3\u00a0son un tipo de grasa poliinsaturada esencial para nuestro organismo. Debido a que \u00e9ste no puede producirlo por s\u00ed mismo, es muy importante que el omega 3 se adquiera mediante una dieta saludable, rica en alimentos con alto contenido en este \u00e1cido esencial que le entreguen a nuestro cuerpo la dosis necesaria para cubrir funciones b\u00e1sicas.<\/p>\n<p dir=\"ltr\">El Omega 3 es uno de los nutrientes m\u00e1s importantes y es conocido por sus m\u00faltiples beneficios para la salud. Su principal caracter\u00edstica es la de diluir la sangre, dificultando la formaci\u00f3n de co\u00e1gulos, garantizando su correcta circulaci\u00f3n e impidiendo la aparici\u00f3n de enfermedades cardiovasculares.<\/p>\n<\/div>\n<p>[\/vc_column_text][\/vc_column][\/vc_row][vc_row full_width=&#8221;stretch_row_content_no_spaces&#8221; equal_height=&#8221;yes&#8221;][vc_column width=&#8221;1\/2&#8243; css=&#8221;.vc_custom_1527549237241{padding-top: 50px !important;padding-right: 80px !important;padding-bottom: 70px !important;padding-left: 80px !important;background-color: rgba(255,255,255,0.8) !important;*background-color: rgb(255,255,255) !important;}&#8221;][vc_column_text]<\/p>\n<div style=\"text-align: justify;\">\n<h4 dir=\"ltr\"><span style=\"color: #a80000;\">Protecci\u00f3n del Coraz\u00f3n<\/span><\/h4>\n<p dir=\"ltr\">El omega 3 ayuda al buen funcionamiento del coraz\u00f3n, por lo que previene enfermedades del sistema cardiovascular. Tambi\u00e9n se recomienda su consumo para el tratamiento y la recuperaci\u00f3n de este tipo de patolog\u00edas.<\/p>\n<p dir=\"ltr\">Adem\u00e1s ayuda a\u00a0reducir los niveles de az\u00facar en sangre, los l\u00edpidos, la presi\u00f3n arterial y la coagulaci\u00f3n de la sangre, mejorando el buen funcionamiento del flujo sangu\u00edneo y reduciendo el riesgo de padecer trombosis.<\/p>\n<\/div>\n<p>[\/vc_column_text][\/vc_column][vc_column width=&#8221;1\/2&#8243; css=&#8221;.vc_custom_1527633824228{padding-top: 150px !important;padding-bottom: 150px !important;background-image: url(https:\/\/www.santaelvira.cl\/sitio\/wp-content\/uploads\/2018\/05\/4-9-05.jpg?id=2098) !important;}&#8221;][\/vc_column][\/vc_row][vc_row full_width=&#8221;stretch_row_content_no_spaces&#8221; equal_height=&#8221;yes&#8221;][vc_column width=&#8221;1\/2&#8243; css=&#8221;.vc_custom_1527633845677{padding-top: 150px !important;padding-bottom: 150px !important;background-image: url(https:\/\/www.santaelvira.cl\/sitio\/wp-content\/uploads\/2018\/05\/4-9-06.jpg?id=2099) !important;}&#8221;][\/vc_column][vc_column width=&#8221;1\/2&#8243; css=&#8221;.vc_custom_1527549237241{padding-top: 50px !important;padding-right: 80px !important;padding-bottom: 70px !important;padding-left: 80px !important;background-color: rgba(255,255,255,0.8) !important;*background-color: rgb(255,255,255) !important;}&#8221;][vc_column_text]<\/p>\n<div style=\"text-align: justify;\">\n<h4 dir=\"ltr\"><span style=\"color: #a80000;\">Reducci\u00f3n de la Inflamaci\u00f3n<\/span><\/h4>\n<p>Los \u00e1cidos grasos omega 3 ayudan a reducir la inflamaci\u00f3n y a restablecer el funcionamiento normal del metabolismo mientras refuerza el sistema inmunol\u00f3gico.<\/p>\n<\/div>\n<p>[\/vc_column_text][\/vc_column][\/vc_row][vc_row full_width=&#8221;stretch_row_content_no_spaces&#8221; equal_height=&#8221;yes&#8221;][vc_column width=&#8221;1\/2&#8243; css=&#8221;.vc_custom_1527549237241{padding-top: 50px !important;padding-right: 80px !important;padding-bottom: 70px !important;padding-left: 80px !important;background-color: rgba(255,255,255,0.8) !important;*background-color: rgb(255,255,255) !important;}&#8221;][vc_column_text]<\/p>\n<div style=\"text-align: justify;\">\n<h4 dir=\"ltr\"><span style=\"color: #a80000;\">Envejecimiento<\/span><\/h4>\n<p>Consumir Omega 3 ayuda a proteger la la informaci\u00f3n gen\u00e9tica de las c\u00e9lulas, contribuyendo a retrasar el envejecimiento celular y disminuyendo el riesgo de padecer demencia senil.<\/p>\n<\/div>\n<p>[\/vc_column_text][\/vc_column][vc_column width=&#8221;1\/2&#8243; css=&#8221;.vc_custom_1527633867834{padding-top: 150px !important;padding-bottom: 150px !important;background-image: url(https:\/\/www.santaelvira.cl\/sitio\/wp-content\/uploads\/2018\/05\/4-9-07.jpg?id=2100) !important;}&#8221;][\/vc_column][\/vc_row][vc_row full_width=&#8221;stretch_row_content_no_spaces&#8221; equal_height=&#8221;yes&#8221;][vc_column width=&#8221;1\/2&#8243; css=&#8221;.vc_custom_1527634016688{padding-top: 150px !important;padding-bottom: 150px !important;background-image: url(https:\/\/www.santaelvira.cl\/sitio\/wp-content\/uploads\/2018\/05\/4-9-08.jpg?id=2101) !important;}&#8221;][\/vc_column][vc_column width=&#8221;1\/2&#8243; css=&#8221;.vc_custom_1527549237241{padding-top: 50px !important;padding-right: 80px !important;padding-bottom: 70px !important;padding-left: 80px !important;background-color: rgba(255,255,255,0.8) !important;*background-color: rgb(255,255,255) !important;}&#8221;][vc_column_text]<\/p>\n<div style=\"text-align: justify;\">\n<h4 dir=\"ltr\"><span style=\"color: #a80000;\">D\u00e9ficit Atencional e Hiperactividad<\/span><\/h4>\n<p>Gracias al consumo de omega 3 se pueden reducir los problemas de concentraci\u00f3n y aliviar trastornos de d\u00e9ficit de atenci\u00f3n e hiperactividad.\u00a0 Estos \u00e1cidos esenciales ayudan a mejorar la funci\u00f3n cognitiva.<\/p>\n<\/div>\n<p>[\/vc_column_text][\/vc_column][\/vc_row][vc_row full_width=&#8221;stretch_row_content_no_spaces&#8221; equal_height=&#8221;yes&#8221;][vc_column width=&#8221;1\/2&#8243; css=&#8221;.vc_custom_1527549237241{padding-top: 50px !important;padding-right: 80px !important;padding-bottom: 70px !important;padding-left: 80px !important;background-color: rgba(255,255,255,0.8) !important;*background-color: rgb(255,255,255) !important;}&#8221;][vc_column_text]<\/p>\n<div style=\"text-align: justify;\">\n<h4 dir=\"ltr\"><span style=\"color: #a80000;\">Salud Ocular e Insomnio<\/span><\/h4>\n<p>La degeneraci\u00f3n macular se trata de una enfermedad que no tiene cura, pero se ha demostrado que el consumo de alimentos ricos en estos \u00e1cidos esenciales pueden retrasar el proceso degenerativo y contribuir a la salud ocular mejorando la visi\u00f3n.<\/p>\n<p>El consumo de omega 3 facilita la conciliaci\u00f3n del sue\u00f1o y favorece la calidad del descanso.<\/p>\n<\/div>\n<p>[\/vc_column_text][\/vc_column][vc_column width=&#8221;1\/2&#8243; css=&#8221;.vc_custom_1527634251481{padding-top: 150px !important;padding-bottom: 150px !important;background-image: url(https:\/\/www.santaelvira.cl\/sitio\/wp-content\/uploads\/2018\/05\/9-09.jpg?id=2106) !important;}&#8221;][\/vc_column][\/vc_row][vc_row][vc_column][vc_empty_space height=&#8221;80px&#8221;][\/vc_column][\/vc_row][vc_row full_width=&#8221;stretch_row&#8221; content_placement=&#8221;middle&#8221; lvca_dark_bg=&#8221;true&#8221; bg_type=&#8221;image&#8221; css=&#8221;.vc_custom_1527634137678{padding-top: 100px !important;padding-bottom: 20px !important;background-image: url(https:\/\/www.santaelvira.cl\/sitio\/wp-content\/uploads\/2018\/04\/fondo-footer-02.png?id=1486) !important;}&#8221;][vc_column css=&#8221;.vc_custom_1524777020708{padding-top: 50px !important;padding-bottom: 20px !important;}&#8221;]<div id=\"nitro_custom_css_1614237976\" class=\"pr nitro-heading tc\"><div class=\"heading\"><h2>Encu\u00e9ntranos en:<\/h2><\/div><\/div>[vc_empty_space height=&#8221;20px&#8221;]<div class=\"nitro-carousel-wrap oh\"><div id=\"nitro_custom_css_1530524257\" class=\"nitro-carousel pr wr-nitro-carousel \" data-owl-options='{&quot;items&quot;: &quot;7&quot;, &quot;autoplay&quot;: &quot;true&quot;, &quot;nav&quot;: &quot;true&quot;, &quot;desktop&quot;: &quot;4&quot;, &quot;tablet&quot;: &quot;3&quot;, &quot;mobile&quot;: &quot;2&quot;, &quot;sm_mobile&quot;: &quot;1&quot;}'>[vc_single_image image=&#8221;1497&#8243; img_size=&#8221;full&#8221; alignment=&#8221;center&#8221; css=&#8221;.vc_custom_1524759016322{margin-bottom: -50px !important;}&#8221;][vc_single_image image=&#8221;979&#8243; img_size=&#8221;full&#8221;][vc_single_image image=&#8221;1498&#8243; img_size=&#8221;full&#8221;][vc_single_image image=&#8221;982&#8243; img_size=&#8221;full&#8221;][vc_single_image image=&#8221;1496&#8243; img_size=&#8221;full&#8221;][vc_single_image image=&#8221;987&#8243; img_size=&#8221;full&#8221;][vc_single_image image=&#8221;1495&#8243; img_size=&#8221;full&#8221;][vc_single_image image=&#8221;1493&#8243; img_size=&#8221;full&#8221;][vc_single_image image=&#8221;1492&#8243; img_size=&#8221;full&#8221;][vc_single_image image=&#8221;1494&#8243; img_size=&#8221;full&#8221;]<\/div><\/div>[\/vc_column][\/vc_row]<\/p>\n","protected":false},"excerpt":{"rendered":"<p>[vc_row full_width=&#8221;stretch_row_content_no_spaces&#8221; equal_height=&#8221;yes&#8221;][vc_column width=&#8221;1\/2&#8243; css=&#8221;.vc_custom_1527549237241{padding-top: 50px !important;padding-right: 80px !important;padding-bottom: 70px !important;padding-left: 80px !important;background-color: rgba(255,255,255,0.8) !important;*background-color: rgb(255,255,255) !important;}&#8221;][vc_column_text] Huevos enriquecidos con Omega 3 Desde 2017, en Santa Elvira comenzamos a ofrecer huevos m\u00e1s felices otorg\u00e1ndoles a nuestras pollitas una mejor calidad de vida. Ellas viven en un espacio libre de \u00a0jaulas donde pueden correr, jugar y [&hellip;]<\/p>\n","protected":false},"author":1,"featured_media":0,"parent":0,"menu_order":3,"comment_status":"closed","ping_status":"closed","template":"","meta":{"_monsterinsights_skip_tracking":false,"_monsterinsights_sitenote_active":false,"_monsterinsights_sitenote_note":"","_monsterinsights_sitenote_category":0,"footnotes":""},"class_list":["post-912","page","type-page","status-publish","hentry"],"yoast_head":"<!-- This site is optimized with the Yoast SEO plugin v26.5 - https:\/\/yoast.com\/wordpress\/plugins\/seo\/ -->\n<title>GALLINA LIBRE - Av\u00edcola Santa Elvira<\/title>\n<meta name=\"robots\" content=\"index, follow, max-snippet:-1, max-image-preview:large, max-video-preview:-1\" \/>\n<link rel=\"canonical\" href=\"https:\/\/www.santaelvira.cl\/sitio\/gallina-libre\/\" \/>\n<meta property=\"og:locale\" content=\"es_ES\" \/>\n<meta property=\"og:type\" content=\"article\" \/>\n<meta property=\"og:title\" content=\"GALLINA LIBRE - Av\u00edcola Santa Elvira\" \/>\n<meta property=\"og:description\" content=\"[vc_row full_width=&#8221;stretch_row_content_no_spaces&#8221; equal_height=&#8221;yes&#8221;][vc_column width=&#8221;1\/2&#8243; css=&#8221;.vc_custom_1527549237241{padding-top: 50px !important;padding-right: 80px !important;padding-bottom: 70px !important;padding-left: 80px !important;background-color: rgba(255,255,255,0.8) !important;*background-color: rgb(255,255,255) !important;}&#8221;][vc_column_text] Huevos enriquecidos con Omega 3 Desde 2017, en Santa Elvira comenzamos a ofrecer huevos m\u00e1s felices otorg\u00e1ndoles a nuestras pollitas una mejor calidad de vida. Ellas viven en un espacio libre de \u00a0jaulas donde pueden correr, jugar y [&hellip;]\" \/>\n<meta property=\"og:url\" content=\"https:\/\/www.santaelvira.cl\/sitio\/gallina-libre\/\" \/>\n<meta property=\"og:site_name\" content=\"Av\u00edcola Santa Elvira\" \/>\n<meta property=\"article:modified_time\" content=\"2020-11-30T14:38:27+00:00\" \/>\n<meta name=\"twitter:card\" content=\"summary_large_image\" \/>\n<meta name=\"twitter:label1\" content=\"Tiempo de lectura\" \/>\n\t<meta name=\"twitter:data1\" content=\"6 minutos\" \/>\n<script type=\"application\/ld+json\" class=\"yoast-schema-graph\">{\"@context\":\"https:\/\/schema.org\",\"@graph\":[{\"@type\":\"WebPage\",\"@id\":\"https:\/\/www.santaelvira.cl\/sitio\/gallina-libre\/\",\"url\":\"https:\/\/www.santaelvira.cl\/sitio\/gallina-libre\/\",\"name\":\"GALLINA LIBRE - Av\u00edcola Santa Elvira\",\"isPartOf\":{\"@id\":\"https:\/\/www.santaelvira.cl\/sitio\/#website\"},\"datePublished\":\"2018-03-14T16:10:18+00:00\",\"dateModified\":\"2020-11-30T14:38:27+00:00\",\"breadcrumb\":{\"@id\":\"https:\/\/www.santaelvira.cl\/sitio\/gallina-libre\/#breadcrumb\"},\"inLanguage\":\"es\",\"potentialAction\":[{\"@type\":\"ReadAction\",\"target\":[\"https:\/\/www.santaelvira.cl\/sitio\/gallina-libre\/\"]}]},{\"@type\":\"BreadcrumbList\",\"@id\":\"https:\/\/www.santaelvira.cl\/sitio\/gallina-libre\/#breadcrumb\",\"itemListElement\":[{\"@type\":\"ListItem\",\"position\":1,\"name\":\"Portada\",\"item\":\"https:\/\/www.santaelvira.cl\/sitio\/\"},{\"@type\":\"ListItem\",\"position\":2,\"name\":\"GALLINA LIBRE\"}]},{\"@type\":\"WebSite\",\"@id\":\"https:\/\/www.santaelvira.cl\/sitio\/#website\",\"url\":\"https:\/\/www.santaelvira.cl\/sitio\/\",\"name\":\"Av\u00edcola Santa Elvira\",\"description\":\"Con la Calidad de Siempre\",\"publisher\":{\"@id\":\"https:\/\/www.santaelvira.cl\/sitio\/#organization\"},\"potentialAction\":[{\"@type\":\"SearchAction\",\"target\":{\"@type\":\"EntryPoint\",\"urlTemplate\":\"https:\/\/www.santaelvira.cl\/sitio\/?s={search_term_string}\"},\"query-input\":{\"@type\":\"PropertyValueSpecification\",\"valueRequired\":true,\"valueName\":\"search_term_string\"}}],\"inLanguage\":\"es\"},{\"@type\":\"Organization\",\"@id\":\"https:\/\/www.santaelvira.cl\/sitio\/#organization\",\"name\":\"Av\u00edcola Santa Elvira\",\"url\":\"https:\/\/www.santaelvira.cl\/sitio\/\",\"logo\":{\"@type\":\"ImageObject\",\"inLanguage\":\"es\",\"@id\":\"https:\/\/www.santaelvira.cl\/sitio\/#\/schema\/logo\/image\/\",\"url\":\"https:\/\/www.santaelvira.cl\/sitio\/wp-content\/uploads\/2018\/03\/nuevo-logo-santa-elvira-editable.png\",\"contentUrl\":\"https:\/\/www.santaelvira.cl\/sitio\/wp-content\/uploads\/2018\/03\/nuevo-logo-santa-elvira-editable.png\",\"width\":352,\"height\":200,\"caption\":\"Av\u00edcola Santa Elvira\"},\"image\":{\"@id\":\"https:\/\/www.santaelvira.cl\/sitio\/#\/schema\/logo\/image\/\"}}]}<\/script>\n<!-- \/ Yoast SEO plugin. -->","yoast_head_json":{"title":"GALLINA LIBRE - Av\u00edcola Santa Elvira","robots":{"index":"index","follow":"follow","max-snippet":"max-snippet:-1","max-image-preview":"max-image-preview:large","max-video-preview":"max-video-preview:-1"},"canonical":"https:\/\/www.santaelvira.cl\/sitio\/gallina-libre\/","og_locale":"es_ES","og_type":"article","og_title":"GALLINA LIBRE - Av\u00edcola Santa Elvira","og_description":"[vc_row full_width=&#8221;stretch_row_content_no_spaces&#8221; equal_height=&#8221;yes&#8221;][vc_column width=&#8221;1\/2&#8243; css=&#8221;.vc_custom_1527549237241{padding-top: 50px !important;padding-right: 80px !important;padding-bottom: 70px !important;padding-left: 80px !important;background-color: rgba(255,255,255,0.8) !important;*background-color: rgb(255,255,255) !important;}&#8221;][vc_column_text] Huevos enriquecidos con Omega 3 Desde 2017, en Santa Elvira comenzamos a ofrecer huevos m\u00e1s felices otorg\u00e1ndoles a nuestras pollitas una mejor calidad de vida. Ellas viven en un espacio libre de \u00a0jaulas donde pueden correr, jugar y [&hellip;]","og_url":"https:\/\/www.santaelvira.cl\/sitio\/gallina-libre\/","og_site_name":"Av\u00edcola Santa Elvira","article_modified_time":"2020-11-30T14:38:27+00:00","twitter_card":"summary_large_image","twitter_misc":{"Tiempo de lectura":"6 minutos"},"schema":{"@context":"https:\/\/schema.org","@graph":[{"@type":"WebPage","@id":"https:\/\/www.santaelvira.cl\/sitio\/gallina-libre\/","url":"https:\/\/www.santaelvira.cl\/sitio\/gallina-libre\/","name":"GALLINA LIBRE - Av\u00edcola Santa Elvira","isPartOf":{"@id":"https:\/\/www.santaelvira.cl\/sitio\/#website"},"datePublished":"2018-03-14T16:10:18+00:00","dateModified":"2020-11-30T14:38:27+00:00","breadcrumb":{"@id":"https:\/\/www.santaelvira.cl\/sitio\/gallina-libre\/#breadcrumb"},"inLanguage":"es","potentialAction":[{"@type":"ReadAction","target":["https:\/\/www.santaelvira.cl\/sitio\/gallina-libre\/"]}]},{"@type":"BreadcrumbList","@id":"https:\/\/www.santaelvira.cl\/sitio\/gallina-libre\/#breadcrumb","itemListElement":[{"@type":"ListItem","position":1,"name":"Portada","item":"https:\/\/www.santaelvira.cl\/sitio\/"},{"@type":"ListItem","position":2,"name":"GALLINA LIBRE"}]},{"@type":"WebSite","@id":"https:\/\/www.santaelvira.cl\/sitio\/#website","url":"https:\/\/www.santaelvira.cl\/sitio\/","name":"Av\u00edcola Santa Elvira","description":"Con la Calidad de Siempre","publisher":{"@id":"https:\/\/www.santaelvira.cl\/sitio\/#organization"},"potentialAction":[{"@type":"SearchAction","target":{"@type":"EntryPoint","urlTemplate":"https:\/\/www.santaelvira.cl\/sitio\/?s={search_term_string}"},"query-input":{"@type":"PropertyValueSpecification","valueRequired":true,"valueName":"search_term_string"}}],"inLanguage":"es"},{"@type":"Organization","@id":"https:\/\/www.santaelvira.cl\/sitio\/#organization","name":"Av\u00edcola Santa Elvira","url":"https:\/\/www.santaelvira.cl\/sitio\/","logo":{"@type":"ImageObject","inLanguage":"es","@id":"https:\/\/www.santaelvira.cl\/sitio\/#\/schema\/logo\/image\/","url":"https:\/\/www.santaelvira.cl\/sitio\/wp-content\/uploads\/2018\/03\/nuevo-logo-santa-elvira-editable.png","contentUrl":"https:\/\/www.santaelvira.cl\/sitio\/wp-content\/uploads\/2018\/03\/nuevo-logo-santa-elvira-editable.png","width":352,"height":200,"caption":"Av\u00edcola Santa Elvira"},"image":{"@id":"https:\/\/www.santaelvira.cl\/sitio\/#\/schema\/logo\/image\/"}}]}},"_links":{"self":[{"href":"https:\/\/www.santaelvira.cl\/sitio\/wp-json\/wp\/v2\/pages\/912","targetHints":{"allow":["GET"]}}],"collection":[{"href":"https:\/\/www.santaelvira.cl\/sitio\/wp-json\/wp\/v2\/pages"}],"about":[{"href":"https:\/\/www.santaelvira.cl\/sitio\/wp-json\/wp\/v2\/types\/page"}],"author":[{"embeddable":true,"href":"https:\/\/www.santaelvira.cl\/sitio\/wp-json\/wp\/v2\/users\/1"}],"replies":[{"embeddable":true,"href":"https:\/\/www.santaelvira.cl\/sitio\/wp-json\/wp\/v2\/comments?post=912"}],"version-history":[{"count":89,"href":"https:\/\/www.santaelvira.cl\/sitio\/wp-json\/wp\/v2\/pages\/912\/revisions"}],"predecessor-version":[{"id":2291,"href":"https:\/\/www.santaelvira.cl\/sitio\/wp-json\/wp\/v2\/pages\/912\/revisions\/2291"}],"wp:attachment":[{"href":"https:\/\/www.santaelvira.cl\/sitio\/wp-json\/wp\/v2\/media?parent=912"}],"curies":[{"name":"wp","href":"https:\/\/api.w.org\/{rel}","templated":true}]}}